{"id":2453,"date":"2026-04-19T19:07:53","date_gmt":"2026-04-19T17:07:53","guid":{"rendered":"https:\/\/royaldywany.pl\/?post_type=product&#038;p=2453"},"modified":"2026-04-19T19:25:24","modified_gmt":"2026-04-19T17:25:24","slug":"dywan-obrazowy-maryja-1700-reed-przedza-modalna-copy","status":"publish","type":"product","link":"https:\/\/royaldywany.pl\/en\/product\/dywan-obrazowy-maryja-1700-reed-przedza-modalna-copy","title":{"rendered":"Dywan obrazowy Maryja (Matka Jezusa) w modlitwie | 1700 reed, prz\u0119dza modalna"},"content":{"rendered":"<div class=\"flex flex-col text-sm\">\n<section class=\"text-token-text-primary w-full focus:outline-none [--shadow-height:45px] has-data-writing-block:pointer-events-none has-data-writing-block:-mt-(--shadow-height) has-data-writing-block:pt-(--shadow-height) [&amp;:has([data-writing-block])&gt;*]:pointer-events-auto scroll-mt-[calc(var(--header-height)+min(200px,max(70px,20svh)))]\" dir=\"auto\" data-turn-id=\"request-WEB:e05e0dd3-37d0-4c1f-9c5a-8ecab0077c41-2\" data-testid=\"conversation-turn-6\" data-scroll-anchor=\"true\" data-turn=\"assistant\">\n<div class=\"text-base my-auto mx-auto pb-10 [--thread-content-margin:var(--thread-content-margin-xs,calc(var(--spacing)*4))] @w-sm\/main:[--thread-content-margin:var(--thread-content-margin-sm,calc(var(--spacing)*6))] @w-lg\/main:[--thread-content-margin:var(--thread-content-margin-lg,calc(var(--spacing)*16))] px-(--thread-content-margin)\">\n<div class=\"[--thread-content-max-width:40rem] @w-lg\/main:[--thread-content-max-width:48rem] mx-auto max-w-(--thread-content-max-width) flex-1 group\/turn-messages focus-visible:outline-hidden relative flex w-full min-w-0 flex-col agent-turn\">\n<div class=\"flex max-w-full flex-col gap-4 grow\">\n<div class=\"min-h-8 text-message relative flex w-full flex-col items-end gap-2 text-start break-words whitespace-normal outline-none keyboard-focused:focus-ring [.text-message+&amp;]:mt-1\" dir=\"auto\" tabindex=\"0\" data-message-author-role=\"assistant\" data-message-id=\"9322e83c-6c8b-4dce-b64d-ccd14d03af32\" data-message-model-slug=\"gpt-5-3\" data-turn-start-message=\"true\">\n<div class=\"flex w-full flex-col gap-1 empty:hidden\">\n<div class=\"markdown prose dark:prose-invert w-full wrap-break-word light markdown-new-styling\">\n<p data-start=\"18\" data-end=\"307\">Dywan zosta\u0142 wykonany z wysokiej jako\u015bci prz\u0119dzy modalnej, kt\u00f3ra zapewnia po\u0142\u0105czenie trwa\u0142o\u015bci, mi\u0119kko\u015bci oraz eleganckiego, jedwabistego po\u0142ysku. Dzi\u0119ki zastosowaniu bardzo g\u0119stego splotu o parametrze 1700 reed, produkt charakteryzuje si\u0119 wysok\u0105 precyzj\u0105 wykonania oraz wyra\u017an\u0105 struktur\u0105.<\/p>\n<p data-start=\"309\" data-end=\"539\">Materia\u0142 modalny wyr\u00f3\u017cnia si\u0119 odporno\u015bci\u0105 na zu\u017cycie, a jednocze\u015bnie pozostaje przyjemny i delikatny w dotyku. G\u0119sta konstrukcja wp\u0142ywa na zwi\u0119kszon\u0105 wytrzyma\u0142o\u015b\u0107 oraz stabilno\u015b\u0107 formy, co przek\u0142ada si\u0119 na d\u0142ugotrwa\u0142e u\u017cytkowanie.<\/p>\n<p data-start=\"541\" data-end=\"838\" data-is-last-node=\"\" data-is-only-node=\"\">Dywan cechuje si\u0119 r\u00f3wnie\u017c wysok\u0105 g\u0142\u0119bi\u0105 wizualn\u0105 oraz r\u00f3wnomiernym wyko\u0144czeniem powierzchni, co jest efektem zastosowania zaawansowanych technik tkackich. Produkt spe\u0142nia wymagania zar\u00f3wno pod wzgl\u0119dem jako\u015bci wykonania, jak i w\u0142a\u015bciwo\u015bci u\u017cytkowych, sprawdzaj\u0105c si\u0119 w wymagaj\u0105cych przestrzeniach.<\/p>\n<\/div>\n<\/div>\n<\/div>\n<\/div>\n<\/div>\n<\/div>\n<\/section>\n<\/div>\n","protected":false},"excerpt":{"rendered":"<p>Dywan zosta\u0142 wykonany z&#8230;<\/p>","protected":false},"featured_media":2518,"comment_status":"open","ping_status":"closed","template":"","meta":[],"product_brand":[],"product_cat":[342],"product_tag":[259,81,258,256,80,78,257,73,74,72,70,260,71],"class_list":{"0":"post-2453","1":"product","2":"type-product","3":"status-publish","4":"has-post-thumbnail","6":"product_cat-perski-jedwabny-obraz-tkany","7":"product_tag-dekoracja-luksusowego-salonu","8":"product_tag-designerski-dywan","9":"product_tag-do-eleganckich-wnetrz","10":"product_tag-dywan-1700-reed","11":"product_tag-dywan-o-wysokiej-gestosci","12":"product_tag-dywan-w-stylu-perskim","13":"product_tag-klasyczny-dywan","14":"product_tag-luksusowy-dywan","15":"product_tag-premium-dywan","16":"product_tag-recznie-wykonane-fredzle-jedwabne","17":"product_tag-runo-z-modalu","18":"product_tag-stylowa-dekoracja-wnetrz","19":"product_tag-wykonczenie-reczne","20":"pa_dimensions-100cm-x-80cm","22":"first","23":"outofstock","24":"taxable","25":"shipping-taxable","26":"purchasable","27":"product-type-simple"},"yoast_head":"<!-- This site is optimized with the Yoast SEO plugin v27.5 - https:\/\/yoast.com\/product\/yoast-seo-wordpress\/ -->\n<title>dywan obrazowy Maryja Matka Jezusa) | prz\u0119dza modalna<\/title>\n<meta name=\"description\" content=\"Dywan obrazowy z prz\u0119dzy modalnej (1700 reed) z motywem Maryja (Matka Jezusa) w modlitwie. Jedwabisty po\u0142ysk, wysoka trwa\u0142o\u015b\u0107 i precyzja wykonania \u2013 idealny do eleganckich wn\u0119trz.\" \/>\n<meta name=\"robots\" content=\"index, follow, max-snippet:-1, max-image-preview:large, max-video-preview:-1\" \/>\n<link rel=\"canonical\" href=\"https:\/\/royaldywany.pl\/en\/product\/dywan-obrazowy-maryja-1700-reed-przedza-modalna-copy\/\" \/>\n<meta property=\"og:locale\" content=\"en_US\" \/>\n<meta property=\"og:type\" content=\"article\" \/>\n<meta property=\"og:title\" content=\"dywan obrazowy Maryja Matka Jezusa) | prz\u0119dza modalna\" \/>\n<meta property=\"og:description\" content=\"Dywan obrazowy z prz\u0119dzy modalnej (1700 reed) z motywem Maryja (Matka Jezusa) w modlitwie. Jedwabisty po\u0142ysk, wysoka trwa\u0142o\u015b\u0107 i precyzja wykonania \u2013 idealny do eleganckich wn\u0119trz.\" \/>\n<meta property=\"og:url\" content=\"https:\/\/royaldywany.pl\/en\/product\/dywan-obrazowy-maryja-1700-reed-przedza-modalna-copy\/\" \/>\n<meta property=\"og:site_name\" content=\"Royal Dywany\" \/>\n<meta property=\"article:modified_time\" content=\"2026-04-19T17:25:24+00:00\" \/>\n<meta property=\"og:image\" content=\"https:\/\/royaldywany.pl\/wp-content\/uploads\/2026\/04\/IMG_9916_1000_logo.webp\" \/>\n\t<meta property=\"og:image:width\" content=\"1000\" \/>\n\t<meta property=\"og:image:height\" content=\"1793\" \/>\n\t<meta property=\"og:image:type\" content=\"image\/webp\" \/>\n<meta name=\"twitter:card\" content=\"summary_large_image\" \/>\n<meta name=\"twitter:label1\" content=\"Est. reading time\" \/>\n\t<meta name=\"twitter:data1\" content=\"1 minute\" \/>\n<script type=\"application\/ld+json\" class=\"yoast-schema-graph\">{\"@context\":\"https:\\\/\\\/schema.org\",\"@graph\":[{\"@type\":\"WebPage\",\"@id\":\"https:\\\/\\\/royaldywany.pl\\\/product\\\/dywan-obrazowy-maryja-1700-reed-przedza-modalna-copy\",\"url\":\"https:\\\/\\\/royaldywany.pl\\\/product\\\/dywan-obrazowy-maryja-1700-reed-przedza-modalna-copy\",\"name\":\"dywan obrazowy Maryja Matka Jezusa) | prz\u0119dza modalna\",\"isPartOf\":{\"@id\":\"https:\\\/\\\/royaldywany.pl\\\/#website\"},\"primaryImageOfPage\":{\"@id\":\"https:\\\/\\\/royaldywany.pl\\\/product\\\/dywan-obrazowy-maryja-1700-reed-przedza-modalna-copy#primaryimage\"},\"image\":{\"@id\":\"https:\\\/\\\/royaldywany.pl\\\/product\\\/dywan-obrazowy-maryja-1700-reed-przedza-modalna-copy#primaryimage\"},\"thumbnailUrl\":\"https:\\\/\\\/royaldywany.pl\\\/wp-content\\\/uploads\\\/2026\\\/04\\\/IMG_9916_1000_logo.webp\",\"datePublished\":\"2026-04-19T17:07:53+00:00\",\"dateModified\":\"2026-04-19T17:25:24+00:00\",\"description\":\"Dywan obrazowy z prz\u0119dzy modalnej (1700 reed) z motywem Maryja (Matka Jezusa) w modlitwie. Jedwabisty po\u0142ysk, wysoka trwa\u0142o\u015b\u0107 i precyzja wykonania \u2013 idealny do eleganckich wn\u0119trz.\",\"breadcrumb\":{\"@id\":\"https:\\\/\\\/royaldywany.pl\\\/product\\\/dywan-obrazowy-maryja-1700-reed-przedza-modalna-copy#breadcrumb\"},\"inLanguage\":\"en-US\",\"potentialAction\":[{\"@type\":\"ReadAction\",\"target\":[\"https:\\\/\\\/royaldywany.pl\\\/product\\\/dywan-obrazowy-maryja-1700-reed-przedza-modalna-copy\"]}]},{\"@type\":\"ImageObject\",\"inLanguage\":\"en-US\",\"@id\":\"https:\\\/\\\/royaldywany.pl\\\/product\\\/dywan-obrazowy-maryja-1700-reed-przedza-modalna-copy#primaryimage\",\"url\":\"https:\\\/\\\/royaldywany.pl\\\/wp-content\\\/uploads\\\/2026\\\/04\\\/IMG_9916_1000_logo.webp\",\"contentUrl\":\"https:\\\/\\\/royaldywany.pl\\\/wp-content\\\/uploads\\\/2026\\\/04\\\/IMG_9916_1000_logo.webp\",\"width\":1000,\"height\":1793},{\"@type\":\"BreadcrumbList\",\"@id\":\"https:\\\/\\\/royaldywany.pl\\\/product\\\/dywan-obrazowy-maryja-1700-reed-przedza-modalna-copy#breadcrumb\",\"itemListElement\":[{\"@type\":\"ListItem\",\"position\":1,\"name\":\"Strona g\u0142\u00f3wna\",\"item\":\"https:\\\/\\\/royaldywany.pl\\\/\"},{\"@type\":\"ListItem\",\"position\":2,\"name\":\"Kolekcja\",\"item\":\"https:\\\/\\\/royaldywany.pl\\\/kolekcja\"},{\"@type\":\"ListItem\",\"position\":3,\"name\":\"Dywan obrazowy Maryja (Matka Jezusa) w modlitwie | 1700 reed, prz\u0119dza modalna\"}]},{\"@type\":\"WebSite\",\"@id\":\"https:\\\/\\\/royaldywany.pl\\\/#website\",\"url\":\"https:\\\/\\\/royaldywany.pl\\\/\",\"name\":\"Royal Dywany\",\"description\":\"Royal Dywany \u2013 sztuka tkania elegancji i luksusu.\",\"publisher\":{\"@id\":\"https:\\\/\\\/royaldywany.pl\\\/#organization\"},\"potentialAction\":[{\"@type\":\"SearchAction\",\"target\":{\"@type\":\"EntryPoint\",\"urlTemplate\":\"https:\\\/\\\/royaldywany.pl\\\/?s={search_term_string}\"},\"query-input\":{\"@type\":\"PropertyValueSpecification\",\"valueRequired\":true,\"valueName\":\"search_term_string\"}}],\"inLanguage\":\"en-US\"},{\"@type\":\"Organization\",\"@id\":\"https:\\\/\\\/royaldywany.pl\\\/#organization\",\"name\":\"Royal Dywany\",\"url\":\"https:\\\/\\\/royaldywany.pl\\\/\",\"logo\":{\"@type\":\"ImageObject\",\"inLanguage\":\"en-US\",\"@id\":\"https:\\\/\\\/royaldywany.pl\\\/#\\\/schema\\\/logo\\\/image\\\/\",\"url\":\"https:\\\/\\\/royaldywany.pl\\\/wp-content\\\/uploads\\\/2025\\\/05\\\/logo_home-1.webp\",\"contentUrl\":\"https:\\\/\\\/royaldywany.pl\\\/wp-content\\\/uploads\\\/2025\\\/05\\\/logo_home-1.webp\",\"width\":75,\"height\":75,\"caption\":\"Royal Dywany\"},\"image\":{\"@id\":\"https:\\\/\\\/royaldywany.pl\\\/#\\\/schema\\\/logo\\\/image\\\/\"}}]}<\/script>\n<!-- \/ Yoast SEO plugin. -->","yoast_head_json":{"title":"dywan obrazowy Maryja Matka Jezusa) | prz\u0119dza modalna","description":"Dywan obrazowy z prz\u0119dzy modalnej (1700 reed) z motywem Maryja (Matka Jezusa) w modlitwie. Jedwabisty po\u0142ysk, wysoka trwa\u0142o\u015b\u0107 i precyzja wykonania \u2013 idealny do eleganckich wn\u0119trz.","robots":{"index":"index","follow":"follow","max-snippet":"max-snippet:-1","max-image-preview":"max-image-preview:large","max-video-preview":"max-video-preview:-1"},"canonical":"https:\/\/royaldywany.pl\/en\/product\/dywan-obrazowy-maryja-1700-reed-przedza-modalna-copy\/","og_locale":"en_US","og_type":"article","og_title":"dywan obrazowy Maryja Matka Jezusa) | prz\u0119dza modalna","og_description":"Dywan obrazowy z prz\u0119dzy modalnej (1700 reed) z motywem Maryja (Matka Jezusa) w modlitwie. Jedwabisty po\u0142ysk, wysoka trwa\u0142o\u015b\u0107 i precyzja wykonania \u2013 idealny do eleganckich wn\u0119trz.","og_url":"https:\/\/royaldywany.pl\/en\/product\/dywan-obrazowy-maryja-1700-reed-przedza-modalna-copy\/","og_site_name":"Royal Dywany","article_modified_time":"2026-04-19T17:25:24+00:00","og_image":[{"width":1000,"height":1793,"url":"https:\/\/royaldywany.pl\/wp-content\/uploads\/2026\/04\/IMG_9916_1000_logo.webp","type":"image\/webp"}],"twitter_card":"summary_large_image","twitter_misc":{"Est. reading time":"1 minute"},"schema":{"@context":"https:\/\/schema.org","@graph":[{"@type":"WebPage","@id":"https:\/\/royaldywany.pl\/product\/dywan-obrazowy-maryja-1700-reed-przedza-modalna-copy","url":"https:\/\/royaldywany.pl\/product\/dywan-obrazowy-maryja-1700-reed-przedza-modalna-copy","name":"dywan obrazowy Maryja Matka Jezusa) | prz\u0119dza modalna","isPartOf":{"@id":"https:\/\/royaldywany.pl\/#website"},"primaryImageOfPage":{"@id":"https:\/\/royaldywany.pl\/product\/dywan-obrazowy-maryja-1700-reed-przedza-modalna-copy#primaryimage"},"image":{"@id":"https:\/\/royaldywany.pl\/product\/dywan-obrazowy-maryja-1700-reed-przedza-modalna-copy#primaryimage"},"thumbnailUrl":"https:\/\/royaldywany.pl\/wp-content\/uploads\/2026\/04\/IMG_9916_1000_logo.webp","datePublished":"2026-04-19T17:07:53+00:00","dateModified":"2026-04-19T17:25:24+00:00","description":"Dywan obrazowy z prz\u0119dzy modalnej (1700 reed) z motywem Maryja (Matka Jezusa) w modlitwie. Jedwabisty po\u0142ysk, wysoka trwa\u0142o\u015b\u0107 i precyzja wykonania \u2013 idealny do eleganckich wn\u0119trz.","breadcrumb":{"@id":"https:\/\/royaldywany.pl\/product\/dywan-obrazowy-maryja-1700-reed-przedza-modalna-copy#breadcrumb"},"inLanguage":"en-US","potentialAction":[{"@type":"ReadAction","target":["https:\/\/royaldywany.pl\/product\/dywan-obrazowy-maryja-1700-reed-przedza-modalna-copy"]}]},{"@type":"ImageObject","inLanguage":"en-US","@id":"https:\/\/royaldywany.pl\/product\/dywan-obrazowy-maryja-1700-reed-przedza-modalna-copy#primaryimage","url":"https:\/\/royaldywany.pl\/wp-content\/uploads\/2026\/04\/IMG_9916_1000_logo.webp","contentUrl":"https:\/\/royaldywany.pl\/wp-content\/uploads\/2026\/04\/IMG_9916_1000_logo.webp","width":1000,"height":1793},{"@type":"BreadcrumbList","@id":"https:\/\/royaldywany.pl\/product\/dywan-obrazowy-maryja-1700-reed-przedza-modalna-copy#breadcrumb","itemListElement":[{"@type":"ListItem","position":1,"name":"Strona g\u0142\u00f3wna","item":"https:\/\/royaldywany.pl\/"},{"@type":"ListItem","position":2,"name":"Kolekcja","item":"https:\/\/royaldywany.pl\/kolekcja"},{"@type":"ListItem","position":3,"name":"Dywan obrazowy Maryja (Matka Jezusa) w modlitwie | 1700 reed, prz\u0119dza modalna"}]},{"@type":"WebSite","@id":"https:\/\/royaldywany.pl\/#website","url":"https:\/\/royaldywany.pl\/","name":"Royal Rugs","description":"Royal Dywany \u2013 sztuka tkania elegancji i luksusu.","publisher":{"@id":"https:\/\/royaldywany.pl\/#organization"},"potentialAction":[{"@type":"SearchAction","target":{"@type":"EntryPoint","urlTemplate":"https:\/\/royaldywany.pl\/?s={search_term_string}"},"query-input":{"@type":"PropertyValueSpecification","valueRequired":true,"valueName":"search_term_string"}}],"inLanguage":"en-US"},{"@type":"Organization","@id":"https:\/\/royaldywany.pl\/#organization","name":"Royal Rugs","url":"https:\/\/royaldywany.pl\/","logo":{"@type":"ImageObject","inLanguage":"en-US","@id":"https:\/\/royaldywany.pl\/#\/schema\/logo\/image\/","url":"https:\/\/royaldywany.pl\/wp-content\/uploads\/2025\/05\/logo_home-1.webp","contentUrl":"https:\/\/royaldywany.pl\/wp-content\/uploads\/2025\/05\/logo_home-1.webp","width":75,"height":75,"caption":"Royal Dywany"},"image":{"@id":"https:\/\/royaldywany.pl\/#\/schema\/logo\/image\/"}}]}},"_links":{"self":[{"href":"https:\/\/royaldywany.pl\/en\/wp-json\/wp\/v2\/product\/2453","targetHints":{"allow":["GET"]}}],"collection":[{"href":"https:\/\/royaldywany.pl\/en\/wp-json\/wp\/v2\/product"}],"about":[{"href":"https:\/\/royaldywany.pl\/en\/wp-json\/wp\/v2\/types\/product"}],"replies":[{"embeddable":true,"href":"https:\/\/royaldywany.pl\/en\/wp-json\/wp\/v2\/comments?post=2453"}],"wp:featuredmedia":[{"embeddable":true,"href":"https:\/\/royaldywany.pl\/en\/wp-json\/wp\/v2\/media\/2518"}],"wp:attachment":[{"href":"https:\/\/royaldywany.pl\/en\/wp-json\/wp\/v2\/media?parent=2453"}],"wp:term":[{"taxonomy":"product_brand","embeddable":true,"href":"https:\/\/royaldywany.pl\/en\/wp-json\/wp\/v2\/product_brand?post=2453"},{"taxonomy":"product_cat","embeddable":true,"href":"https:\/\/royaldywany.pl\/en\/wp-json\/wp\/v2\/product_cat?post=2453"},{"taxonomy":"product_tag","embeddable":true,"href":"https:\/\/royaldywany.pl\/en\/wp-json\/wp\/v2\/product_tag?post=2453"}],"curies":[{"name":"wp","href":"https:\/\/api.w.org\/{rel}","templated":true}]}}