{"id":146,"date":"2025-05-01T15:27:20","date_gmt":"2025-05-01T13:27:20","guid":{"rendered":"https:\/\/royaldywany.pl\/?post_type=product&#038;p=146"},"modified":"2025-08-09T09:42:59","modified_gmt":"2025-08-09T07:42:59","slug":"1700almaas","status":"publish","type":"product","link":"https:\/\/royaldywany.pl\/en\/product\/1700almaas","title":{"rendered":"Dywan ALMAAS | G\u0119sto\u015b\u0107: 1700 reed &#8212; 5,78 mln punkt\u00f3w\/m<sup>2<\/sup> | Runo: modal, Fr\u0119dzle: r\u0119cznie wykonane z jedwabiu, Wyko\u0144czenie: r\u0119czne"},"content":{"rendered":"<p>The luxurious Qom Classic Collection rugs are a stunning fusion of authentic Persian artistry and modern craftsmanship. With 1700 reeds, 5,780,000 points per square meter, and ultra-soft modal pile, they bring the touch of silk right into your home. Featuring a durable polyester warp, cotton and viscose weft, and hand-finished details with handmade silk fringes, these masterpieces shine with unmatched elegance. Inspired by classic Qom designs, they are the ultimate choice for luxury interiors \u2014 whether in your living room, lounge, or bedroom, they will always be the centerpiece of your home\u2019s beauty.<\/p>","protected":false},"excerpt":{"rendered":"<p>The luxurious Qom Classic&#8230;<\/p>","protected":false},"featured_media":1140,"comment_status":"open","ping_status":"closed","template":"","meta":[],"product_brand":[],"product_cat":[21],"product_tag":[259,81,258,256,80,78,257,73,74,72,70,260,71],"class_list":{"0":"post-146","1":"product","2":"type-product","3":"status-publish","4":"has-post-thumbnail","6":"product_cat-21","7":"product_tag-dekoracja-luksusowego-salonu","8":"product_tag-designerski-dywan","9":"product_tag-do-eleganckich-wnetrz","10":"product_tag-dywan-1700-reed","11":"product_tag-dywan-o-wysokiej-gestosci","12":"product_tag-dywan-w-stylu-perskim","13":"product_tag-klasyczny-dywan","14":"product_tag-luksusowy-dywan","15":"product_tag-premium-dywan","16":"product_tag-recznie-wykonane-fredzle-jedwabne","17":"product_tag-runo-z-modalu","18":"product_tag-stylowa-dekoracja-wnetrz","19":"product_tag-wykonczenie-reczne","20":"pa_dimensions-4sqm","21":"pa_dimensions-6sqm","23":"first","24":"outofstock","25":"sale","26":"taxable","27":"shipping-taxable","28":"product-type-variable"},"yoast_head":"<!-- This site is optimized with the Yoast SEO plugin v27.5 - https:\/\/yoast.com\/product\/yoast-seo-wordpress\/ -->\n<title>Dywan ALMAAS 1700 Reed \u2013 Dywan Perski | Royal Dywany<\/title>\n<meta name=\"description\" content=\"Elegancki dywan perski ALMAAS 1700 reed: g\u0119sto\u015b\u0107 5,78\u202fmln pkt\/m\u00b2, mi\u0119kkie runo modalowe, r\u0119cznie wyko\u0144czone jedwabne fr\u0119dzle. Odkryj luksus w domu!\" \/>\n<meta name=\"robots\" content=\"index, follow, max-snippet:-1, max-image-preview:large, max-video-preview:-1\" \/>\n<link rel=\"canonical\" href=\"https:\/\/royaldywany.pl\/en\/product\/1700almaas\/\" \/>\n<meta property=\"og:locale\" content=\"en_US\" \/>\n<meta property=\"og:type\" content=\"article\" \/>\n<meta property=\"og:title\" content=\"Dywan ALMAAS 1700 Reed \u2013 Dywan Perski | Royal Dywany\" \/>\n<meta property=\"og:description\" content=\"Elegancki dywan perski ALMAAS 1700 reed: g\u0119sto\u015b\u0107 5,78\u202fmln pkt\/m\u00b2, mi\u0119kkie runo modalowe, r\u0119cznie wyko\u0144czone jedwabne fr\u0119dzle. Odkryj luksus w domu!\" \/>\n<meta property=\"og:url\" content=\"https:\/\/royaldywany.pl\/en\/product\/1700almaas\/\" \/>\n<meta property=\"og:site_name\" content=\"Royal Dywany\" \/>\n<meta property=\"article:modified_time\" content=\"2025-08-09T07:42:59+00:00\" \/>\n<meta property=\"og:image\" content=\"https:\/\/royaldywany.pl\/wp-content\/uploads\/2025\/05\/Almas_2x3_krm_logo-1.webp\" \/>\n\t<meta property=\"og:image:width\" content=\"500\" \/>\n\t<meta property=\"og:image:height\" content=\"750\" \/>\n\t<meta property=\"og:image:type\" content=\"image\/webp\" \/>\n<meta name=\"twitter:card\" content=\"summary_large_image\" \/>\n<meta name=\"twitter:label1\" content=\"Est. reading time\" \/>\n\t<meta name=\"twitter:data1\" content=\"1 minute\" \/>\n<script type=\"application\/ld+json\" class=\"yoast-schema-graph\">{\"@context\":\"https:\\\/\\\/schema.org\",\"@graph\":[{\"@type\":\"WebPage\",\"@id\":\"https:\\\/\\\/royaldywany.pl\\\/product\\\/1700almaas\",\"url\":\"https:\\\/\\\/royaldywany.pl\\\/product\\\/1700almaas\",\"name\":\"Dywan ALMAAS 1700 Reed \u2013 Dywan Perski | Royal Dywany\",\"isPartOf\":{\"@id\":\"https:\\\/\\\/royaldywany.pl\\\/#website\"},\"primaryImageOfPage\":{\"@id\":\"https:\\\/\\\/royaldywany.pl\\\/product\\\/1700almaas#primaryimage\"},\"image\":{\"@id\":\"https:\\\/\\\/royaldywany.pl\\\/product\\\/1700almaas#primaryimage\"},\"thumbnailUrl\":\"https:\\\/\\\/royaldywany.pl\\\/wp-content\\\/uploads\\\/2025\\\/05\\\/Almas_2x3_krm_logo-1.webp\",\"datePublished\":\"2025-05-01T13:27:20+00:00\",\"dateModified\":\"2025-08-09T07:42:59+00:00\",\"description\":\"Elegancki dywan perski ALMAAS 1700 reed: g\u0119sto\u015b\u0107 5,78\u202fmln pkt\\\/m\u00b2, mi\u0119kkie runo modalowe, r\u0119cznie wyko\u0144czone jedwabne fr\u0119dzle. Odkryj luksus w domu!\",\"breadcrumb\":{\"@id\":\"https:\\\/\\\/royaldywany.pl\\\/product\\\/1700almaas#breadcrumb\"},\"inLanguage\":\"en-US\",\"potentialAction\":[{\"@type\":\"ReadAction\",\"target\":[\"https:\\\/\\\/royaldywany.pl\\\/product\\\/1700almaas\"]}]},{\"@type\":\"ImageObject\",\"inLanguage\":\"en-US\",\"@id\":\"https:\\\/\\\/royaldywany.pl\\\/product\\\/1700almaas#primaryimage\",\"url\":\"https:\\\/\\\/royaldywany.pl\\\/wp-content\\\/uploads\\\/2025\\\/05\\\/Almas_2x3_krm_logo-1.webp\",\"contentUrl\":\"https:\\\/\\\/royaldywany.pl\\\/wp-content\\\/uploads\\\/2025\\\/05\\\/Almas_2x3_krm_logo-1.webp\",\"width\":500,\"height\":750},{\"@type\":\"BreadcrumbList\",\"@id\":\"https:\\\/\\\/royaldywany.pl\\\/product\\\/1700almaas#breadcrumb\",\"itemListElement\":[{\"@type\":\"ListItem\",\"position\":1,\"name\":\"Strona g\u0142\u00f3wna\",\"item\":\"https:\\\/\\\/royaldywany.pl\\\/\"},{\"@type\":\"ListItem\",\"position\":2,\"name\":\"Kolekcja\",\"item\":\"https:\\\/\\\/royaldywany.pl\\\/kolekcja\"},{\"@type\":\"ListItem\",\"position\":3,\"name\":\"Dywan ALMAAS | G\u0119sto\u015b\u0107: 1700 reed &#8212; 5,78 mln punkt\u00f3w\\\/m2 | Runo: modal, Fr\u0119dzle: r\u0119cznie wykonane z jedwabiu, Wyko\u0144czenie: r\u0119czne\"}]},{\"@type\":\"WebSite\",\"@id\":\"https:\\\/\\\/royaldywany.pl\\\/#website\",\"url\":\"https:\\\/\\\/royaldywany.pl\\\/\",\"name\":\"Royal Dywany\",\"description\":\"Royal Dywany \u2013 sztuka tkania elegancji i luksusu.\",\"publisher\":{\"@id\":\"https:\\\/\\\/royaldywany.pl\\\/#organization\"},\"potentialAction\":[{\"@type\":\"SearchAction\",\"target\":{\"@type\":\"EntryPoint\",\"urlTemplate\":\"https:\\\/\\\/royaldywany.pl\\\/?s={search_term_string}\"},\"query-input\":{\"@type\":\"PropertyValueSpecification\",\"valueRequired\":true,\"valueName\":\"search_term_string\"}}],\"inLanguage\":\"en-US\"},{\"@type\":\"Organization\",\"@id\":\"https:\\\/\\\/royaldywany.pl\\\/#organization\",\"name\":\"Royal Dywany\",\"url\":\"https:\\\/\\\/royaldywany.pl\\\/\",\"logo\":{\"@type\":\"ImageObject\",\"inLanguage\":\"en-US\",\"@id\":\"https:\\\/\\\/royaldywany.pl\\\/#\\\/schema\\\/logo\\\/image\\\/\",\"url\":\"https:\\\/\\\/royaldywany.pl\\\/wp-content\\\/uploads\\\/2025\\\/05\\\/logo_home-1.webp\",\"contentUrl\":\"https:\\\/\\\/royaldywany.pl\\\/wp-content\\\/uploads\\\/2025\\\/05\\\/logo_home-1.webp\",\"width\":75,\"height\":75,\"caption\":\"Royal Dywany\"},\"image\":{\"@id\":\"https:\\\/\\\/royaldywany.pl\\\/#\\\/schema\\\/logo\\\/image\\\/\"}}]}<\/script>\n<!-- \/ Yoast SEO plugin. -->","yoast_head_json":{"title":"Dywan ALMAAS 1700 Reed \u2013 Dywan Perski | Royal Dywany","description":"Elegancki dywan perski ALMAAS 1700 reed: g\u0119sto\u015b\u0107 5,78\u202fmln pkt\/m\u00b2, mi\u0119kkie runo modalowe, r\u0119cznie wyko\u0144czone jedwabne fr\u0119dzle. Odkryj luksus w domu!","robots":{"index":"index","follow":"follow","max-snippet":"max-snippet:-1","max-image-preview":"max-image-preview:large","max-video-preview":"max-video-preview:-1"},"canonical":"https:\/\/royaldywany.pl\/en\/product\/1700almaas\/","og_locale":"en_US","og_type":"article","og_title":"Dywan ALMAAS 1700 Reed \u2013 Dywan Perski | Royal Dywany","og_description":"Elegancki dywan perski ALMAAS 1700 reed: g\u0119sto\u015b\u0107 5,78\u202fmln pkt\/m\u00b2, mi\u0119kkie runo modalowe, r\u0119cznie wyko\u0144czone jedwabne fr\u0119dzle. Odkryj luksus w domu!","og_url":"https:\/\/royaldywany.pl\/en\/product\/1700almaas\/","og_site_name":"Royal Dywany","article_modified_time":"2025-08-09T07:42:59+00:00","og_image":[{"width":500,"height":750,"url":"https:\/\/royaldywany.pl\/wp-content\/uploads\/2025\/05\/Almas_2x3_krm_logo-1.webp","type":"image\/webp"}],"twitter_card":"summary_large_image","twitter_misc":{"Est. reading time":"1 minute"},"schema":{"@context":"https:\/\/schema.org","@graph":[{"@type":"WebPage","@id":"https:\/\/royaldywany.pl\/product\/1700almaas","url":"https:\/\/royaldywany.pl\/product\/1700almaas","name":"Dywan ALMAAS 1700 Reed \u2013 Dywan Perski | Royal Dywany","isPartOf":{"@id":"https:\/\/royaldywany.pl\/#website"},"primaryImageOfPage":{"@id":"https:\/\/royaldywany.pl\/product\/1700almaas#primaryimage"},"image":{"@id":"https:\/\/royaldywany.pl\/product\/1700almaas#primaryimage"},"thumbnailUrl":"https:\/\/royaldywany.pl\/wp-content\/uploads\/2025\/05\/Almas_2x3_krm_logo-1.webp","datePublished":"2025-05-01T13:27:20+00:00","dateModified":"2025-08-09T07:42:59+00:00","description":"Elegancki dywan perski ALMAAS 1700 reed: g\u0119sto\u015b\u0107 5,78\u202fmln pkt\/m\u00b2, mi\u0119kkie runo modalowe, r\u0119cznie wyko\u0144czone jedwabne fr\u0119dzle. Odkryj luksus w domu!","breadcrumb":{"@id":"https:\/\/royaldywany.pl\/product\/1700almaas#breadcrumb"},"inLanguage":"en-US","potentialAction":[{"@type":"ReadAction","target":["https:\/\/royaldywany.pl\/product\/1700almaas"]}]},{"@type":"ImageObject","inLanguage":"en-US","@id":"https:\/\/royaldywany.pl\/product\/1700almaas#primaryimage","url":"https:\/\/royaldywany.pl\/wp-content\/uploads\/2025\/05\/Almas_2x3_krm_logo-1.webp","contentUrl":"https:\/\/royaldywany.pl\/wp-content\/uploads\/2025\/05\/Almas_2x3_krm_logo-1.webp","width":500,"height":750},{"@type":"BreadcrumbList","@id":"https:\/\/royaldywany.pl\/product\/1700almaas#breadcrumb","itemListElement":[{"@type":"ListItem","position":1,"name":"Strona g\u0142\u00f3wna","item":"https:\/\/royaldywany.pl\/"},{"@type":"ListItem","position":2,"name":"Kolekcja","item":"https:\/\/royaldywany.pl\/kolekcja"},{"@type":"ListItem","position":3,"name":"Dywan ALMAAS | G\u0119sto\u015b\u0107: 1700 reed &#8212; 5,78 mln punkt\u00f3w\/m2 | Runo: modal, Fr\u0119dzle: r\u0119cznie wykonane z jedwabiu, Wyko\u0144czenie: r\u0119czne"}]},{"@type":"WebSite","@id":"https:\/\/royaldywany.pl\/#website","url":"https:\/\/royaldywany.pl\/","name":"Royal Rugs","description":"Royal Dywany \u2013 sztuka tkania elegancji i luksusu.","publisher":{"@id":"https:\/\/royaldywany.pl\/#organization"},"potentialAction":[{"@type":"SearchAction","target":{"@type":"EntryPoint","urlTemplate":"https:\/\/royaldywany.pl\/?s={search_term_string}"},"query-input":{"@type":"PropertyValueSpecification","valueRequired":true,"valueName":"search_term_string"}}],"inLanguage":"en-US"},{"@type":"Organization","@id":"https:\/\/royaldywany.pl\/#organization","name":"Royal Rugs","url":"https:\/\/royaldywany.pl\/","logo":{"@type":"ImageObject","inLanguage":"en-US","@id":"https:\/\/royaldywany.pl\/#\/schema\/logo\/image\/","url":"https:\/\/royaldywany.pl\/wp-content\/uploads\/2025\/05\/logo_home-1.webp","contentUrl":"https:\/\/royaldywany.pl\/wp-content\/uploads\/2025\/05\/logo_home-1.webp","width":75,"height":75,"caption":"Royal Dywany"},"image":{"@id":"https:\/\/royaldywany.pl\/#\/schema\/logo\/image\/"}}]}},"_links":{"self":[{"href":"https:\/\/royaldywany.pl\/en\/wp-json\/wp\/v2\/product\/146","targetHints":{"allow":["GET"]}}],"collection":[{"href":"https:\/\/royaldywany.pl\/en\/wp-json\/wp\/v2\/product"}],"about":[{"href":"https:\/\/royaldywany.pl\/en\/wp-json\/wp\/v2\/types\/product"}],"replies":[{"embeddable":true,"href":"https:\/\/royaldywany.pl\/en\/wp-json\/wp\/v2\/comments?post=146"}],"wp:featuredmedia":[{"embeddable":true,"href":"https:\/\/royaldywany.pl\/en\/wp-json\/wp\/v2\/media\/1140"}],"wp:attachment":[{"href":"https:\/\/royaldywany.pl\/en\/wp-json\/wp\/v2\/media?parent=146"}],"wp:term":[{"taxonomy":"product_brand","embeddable":true,"href":"https:\/\/royaldywany.pl\/en\/wp-json\/wp\/v2\/product_brand?post=146"},{"taxonomy":"product_cat","embeddable":true,"href":"https:\/\/royaldywany.pl\/en\/wp-json\/wp\/v2\/product_cat?post=146"},{"taxonomy":"product_tag","embeddable":true,"href":"https:\/\/royaldywany.pl\/en\/wp-json\/wp\/v2\/product_tag?post=146"}],"curies":[{"name":"wp","href":"https:\/\/api.w.org\/{rel}","templated":true}]}}