{"id":523,"date":"2025-05-10T10:14:03","date_gmt":"2025-05-10T08:14:03","guid":{"rendered":"https:\/\/royaldywany.pl\/?page_id=523"},"modified":"2026-02-15T17:03:03","modified_gmt":"2026-02-15T16:03:03","slug":"privacy-policy","status":"publish","type":"page","link":"https:\/\/royaldywany.pl\/en\/privacy-policy","title":{"rendered":"Polityka Prywatno\u015bci"},"content":{"rendered":"<div data-elementor-type=\"wp-page\" data-elementor-id=\"523\" class=\"elementor elementor-523\">\n\t\t\t\t<div class=\"elementor-element elementor-element-1b1701a7 e-flex e-con-boxed e-con e-parent\" data-id=\"1b1701a7\" data-element_type=\"container\" data-e-type=\"container\">\n\t\t\t\t\t<div class=\"e-con-inner\">\n\t\t\t\t<div class=\"elementor-element elementor-element-6f9421c elementor-widget elementor-widget-html\" data-id=\"6f9421c\" data-element_type=\"widget\" data-e-type=\"widget\" data-widget_type=\"html.default\">\n\t\t\t\t<div class=\"elementor-widget-container\">\n\t\t\t\t\t<section class=\"privacy-policy\">\n  <h1>Privacy Policy \u2013 ROYAL DYWANY SP. Z O.O.<\/h1>\n\n  <h2>1. General Information<\/h2>\n  <p>This Privacy Policy defines the principles of processing personal data and the use of cookies on the website available at: <a href=\"https:\/\/royaldywany.pl\">https:\/\/royaldywany.pl<\/a>operated by ROYAL DYWANY SP. Z O.O., with its registered office in Warsaw, \n  ul. Domaniewska 37\/2.43, 02-672 Warsaw, Poland, entered into the National Court Register under number 0001155118, \n  NIP: 5273151485, REGON: 54089305000000.<\/p>\n  <p>Contact email: <a href=\"mailto:biuro@royaldywany.pl\">biuro@royaldywany.pl<\/a><\/p>\n\n  <h2>2. Personal Data Controller<\/h2>\n  <p>The controller of personal data is ROYAL DYWANY SP. Z O.O. Personal data is processed in accordance with applicable laws, \n  in particular Regulation (EU) 2016\/679 of the European Parliament and of the Council (GDPR).<\/p>\n\n  <h2>3. Purposes and Legal Basis for Data Processing<\/h2>\n  <p>Personal data may be processed for the following purposes:<\/p>\n  <ul>\n    <li>Registration and management of a user account (Article 6(1)(b) GDPR),<\/li>\n    <li>Order processing and delivery of goods (Article 6(1)(b) GDPR),<\/li>\n    <li>Customer communication (Article 6(1)(f) GDPR),<\/li>\n    <li>Accounting and tax obligations (Article 6(1)(c) GDPR),<\/li>\n    <li>Marketing activities and newsletters (with consent) (Article 6(1)(a) GDPR),<\/li>\n    <li>Analytics and statistics (with consent where required).<\/li>\n  <\/ul>\n\n  <h2>4. Data Recipients<\/h2>\n  <p>Personal data may be transferred to:<\/p>\n  <ul>\n    <li>IT and hosting service providers,<\/li>\n    <li>Courier and transport companies,<\/li>\n    <li>Payment service providers,<\/li>\n    <li>Accounting service providers.<\/li>\n  <\/ul>\n  <p>Data is not transferred outside the European Economic Area unless required by service providers or when the user provides a delivery address outside the EU.<\/p>\n\n  <h2>5. Data Retention Period<\/h2>\n  <p>Personal data is stored for the duration of the user account and for the period required by applicable law (e.g., 5 years for accounting records). \n  Data processed based on consent is stored until consent is withdrawn.<\/p>\n\n  <h2>6. Data Subject Rights<\/h2>\n  <p>Users have the right to:<\/p>\n  <ul>\n    <li>Access their personal data,<\/li>\n    <li>Rectify inaccurate data,<\/li>\n    <li>Request deletion of data (\u201cright to be forgotten\u201d),<\/li>\n    <li>Restrict processing,<\/li>\n    <li>Data portability,<\/li>\n    <li>Object to processing,<\/li>\n    <li>Withdraw consent at any time (if processing is based on consent),<\/li>\n    <li>Lodge a complaint with the Polish Data Protection Authority (UODO).<\/li>\n  <\/ul>\n\n  <h2>7. Voluntary Provision of Data<\/h2>\n  <p>Providing personal data is voluntary; however, it is necessary to create an account and process orders.<\/p>\n\n  <h2>8. Profiling and Automated Decision-Making<\/h2>\n  <p>Personal data is not subject to automated decision-making or profiling.<\/p>\n\n  <h2>9. Cookies<\/h2>\n  <p>The website uses cookies to ensure proper operation of the service and, where applicable, for analytical and marketing purposes \n  (e.g., Google Analytics or Meta Pixel) after obtaining appropriate user consent.<\/p>\n  <p>Users may change cookie settings at any time in their web browser.<\/p>\n  \n  <h2>10. Google Sign-In and Google User Data<\/h2>\n\n<p>Our website allows users to log in using their Google account through the Google Sign-In service provided by Google LLC.<\/p>\n\n<h3>Data Accessed<\/h3>\n<p>When signing in with Google, we may access the following data (depending on the permissions granted by the user):<\/p>\n<ul>\n  <li>Full name,<\/li>\n  <li>Email address,<\/li>\n  <li>Google account unique identifier (Google ID),<\/li>\n  <li>Profile picture (if available).<\/li>\n<\/ul>\n\n<h3>Purpose of Use<\/h3>\n<p>This data is used solely for the following purposes:<\/p>\n<ul>\n  <li>creating and maintaining a user account in our store,<\/li>\n  <li>enable secure login,<\/li>\n  <li>user identification in the system.<\/li>\n<\/ul>\n\n<p>Data obtained from Google is not used for marketing purposes or passed on to third parties, unless required by law.<\/p>\n\n<h3>Data storage<\/h3>\n<p>Data is stored on our secure servers for the duration of your account or until your account is deleted.<\/p>\n\n<h3>Data sharing<\/h3>\n<p>We do not sell or share data obtained from Google with third parties. The data is not used to train artificial intelligence models or machine learning systems.<\/p>\n\n<h3>Access revocation<\/h3>\n<p>You can revoke the app's access to your Google Account at any time through your Google Account security settings at: https:\/\/myaccount.google.com\/permissions<\/p>\n\n\n  <h2>11. Changes to the Privacy Policy<\/h2>\n  <p>The Administrator reserves the right to make changes to this Privacy Policy. Any changes will be published on the website.<\/p>\n\n<\/section>\n\t\t\t\t<\/div>\n\t\t\t\t<\/div>\n\t\t\t\t\t<\/div>\n\t\t\t\t<\/div>\n\t\t\t\t<\/div>","protected":false},"excerpt":{"rendered":"<p>Polityka Prywatno\u015bci \u2013 ROYAL&#8230;<\/p>","protected":false},"author":1,"featured_media":0,"parent":0,"menu_order":0,"comment_status":"closed","ping_status":"closed","template":"","meta":{"footnotes":""},"class_list":["post-523","page","type-page","status-publish","hentry"],"yoast_head":"<!-- This site is optimized with the Yoast SEO plugin v27.5 - https:\/\/yoast.com\/product\/yoast-seo-wordpress\/ -->\n<title>Polityka Prywatno\u015bci \u2013 Ochrona Danych Klient\u00f3w | Royal Dywany<\/title>\n<meta name=\"description\" content=\"Dowiedz si\u0119, jak Royal Dywany chroni Twoje dane osobowe. Sprawd\u017a zasady prywatno\u015bci, plik\u00f3w cookies i przetwarzania informacji w naszym sklepie internetowym.\" \/>\n<meta name=\"robots\" content=\"index, follow, max-snippet:-1, max-image-preview:large, max-video-preview:-1\" \/>\n<link rel=\"canonical\" href=\"https:\/\/royaldywany.pl\/en\/privacy-policy\/\" \/>\n<meta property=\"og:locale\" content=\"en_US\" \/>\n<meta property=\"og:type\" content=\"article\" \/>\n<meta property=\"og:title\" content=\"Polityka Prywatno\u015bci \u2013 Ochrona Danych Klient\u00f3w | Royal Dywany\" \/>\n<meta property=\"og:description\" content=\"Dowiedz si\u0119, jak Royal Dywany chroni Twoje dane osobowe. Sprawd\u017a zasady prywatno\u015bci, plik\u00f3w cookies i przetwarzania informacji w naszym sklepie internetowym.\" \/>\n<meta property=\"og:url\" content=\"https:\/\/royaldywany.pl\/en\/privacy-policy\/\" \/>\n<meta property=\"og:site_name\" content=\"Royal Dywany\" \/>\n<meta property=\"article:modified_time\" content=\"2026-02-15T16:03:03+00:00\" \/>\n<meta name=\"twitter:card\" content=\"summary_large_image\" \/>\n<meta name=\"twitter:label1\" content=\"Est. reading time\" \/>\n\t<meta name=\"twitter:data1\" content=\"3 minutes\" \/>\n<script type=\"application\/ld+json\" class=\"yoast-schema-graph\">{\"@context\":\"https:\\\/\\\/schema.org\",\"@graph\":[{\"@type\":\"WebPage\",\"@id\":\"https:\\\/\\\/royaldywany.pl\\\/privacy-policy\",\"url\":\"https:\\\/\\\/royaldywany.pl\\\/privacy-policy\",\"name\":\"Polityka Prywatno\u015bci \u2013 Ochrona Danych Klient\u00f3w | Royal Dywany\",\"isPartOf\":{\"@id\":\"https:\\\/\\\/royaldywany.pl\\\/#website\"},\"datePublished\":\"2025-05-10T08:14:03+00:00\",\"dateModified\":\"2026-02-15T16:03:03+00:00\",\"description\":\"Dowiedz si\u0119, jak Royal Dywany chroni Twoje dane osobowe. Sprawd\u017a zasady prywatno\u015bci, plik\u00f3w cookies i przetwarzania informacji w naszym sklepie internetowym.\",\"breadcrumb\":{\"@id\":\"https:\\\/\\\/royaldywany.pl\\\/privacy-policy#breadcrumb\"},\"inLanguage\":\"en-US\",\"potentialAction\":[{\"@type\":\"ReadAction\",\"target\":[\"https:\\\/\\\/royaldywany.pl\\\/privacy-policy\"]}]},{\"@type\":\"BreadcrumbList\",\"@id\":\"https:\\\/\\\/royaldywany.pl\\\/privacy-policy#breadcrumb\",\"itemListElement\":[{\"@type\":\"ListItem\",\"position\":1,\"name\":\"Strona g\u0142\u00f3wna\",\"item\":\"https:\\\/\\\/royaldywany.pl\\\/\"},{\"@type\":\"ListItem\",\"position\":2,\"name\":\"Polityka Prywatno\u015bci\"}]},{\"@type\":\"WebSite\",\"@id\":\"https:\\\/\\\/royaldywany.pl\\\/#website\",\"url\":\"https:\\\/\\\/royaldywany.pl\\\/\",\"name\":\"Royal Dywany\",\"description\":\"Royal Dywany \u2013 sztuka tkania elegancji i luksusu.\",\"publisher\":{\"@id\":\"https:\\\/\\\/royaldywany.pl\\\/#organization\"},\"potentialAction\":[{\"@type\":\"SearchAction\",\"target\":{\"@type\":\"EntryPoint\",\"urlTemplate\":\"https:\\\/\\\/royaldywany.pl\\\/?s={search_term_string}\"},\"query-input\":{\"@type\":\"PropertyValueSpecification\",\"valueRequired\":true,\"valueName\":\"search_term_string\"}}],\"inLanguage\":\"en-US\"},{\"@type\":\"Organization\",\"@id\":\"https:\\\/\\\/royaldywany.pl\\\/#organization\",\"name\":\"Royal Dywany\",\"url\":\"https:\\\/\\\/royaldywany.pl\\\/\",\"logo\":{\"@type\":\"ImageObject\",\"inLanguage\":\"en-US\",\"@id\":\"https:\\\/\\\/royaldywany.pl\\\/#\\\/schema\\\/logo\\\/image\\\/\",\"url\":\"https:\\\/\\\/royaldywany.pl\\\/wp-content\\\/uploads\\\/2025\\\/05\\\/logo_home-1.webp\",\"contentUrl\":\"https:\\\/\\\/royaldywany.pl\\\/wp-content\\\/uploads\\\/2025\\\/05\\\/logo_home-1.webp\",\"width\":75,\"height\":75,\"caption\":\"Royal Dywany\"},\"image\":{\"@id\":\"https:\\\/\\\/royaldywany.pl\\\/#\\\/schema\\\/logo\\\/image\\\/\"}}]}<\/script>\n<!-- \/ Yoast SEO plugin. -->","yoast_head_json":{"title":"Polityka Prywatno\u015bci \u2013 Ochrona Danych Klient\u00f3w | Royal Dywany","description":"Dowiedz si\u0119, jak Royal Dywany chroni Twoje dane osobowe. Sprawd\u017a zasady prywatno\u015bci, plik\u00f3w cookies i przetwarzania informacji w naszym sklepie internetowym.","robots":{"index":"index","follow":"follow","max-snippet":"max-snippet:-1","max-image-preview":"max-image-preview:large","max-video-preview":"max-video-preview:-1"},"canonical":"https:\/\/royaldywany.pl\/en\/privacy-policy\/","og_locale":"en_US","og_type":"article","og_title":"Polityka Prywatno\u015bci \u2013 Ochrona Danych Klient\u00f3w | Royal Dywany","og_description":"Dowiedz si\u0119, jak Royal Dywany chroni Twoje dane osobowe. Sprawd\u017a zasady prywatno\u015bci, plik\u00f3w cookies i przetwarzania informacji w naszym sklepie internetowym.","og_url":"https:\/\/royaldywany.pl\/en\/privacy-policy\/","og_site_name":"Royal Dywany","article_modified_time":"2026-02-15T16:03:03+00:00","twitter_card":"summary_large_image","twitter_misc":{"Est. reading time":"3 minutes"},"schema":{"@context":"https:\/\/schema.org","@graph":[{"@type":"WebPage","@id":"https:\/\/royaldywany.pl\/privacy-policy","url":"https:\/\/royaldywany.pl\/privacy-policy","name":"Polityka Prywatno\u015bci \u2013 Ochrona Danych Klient\u00f3w | Royal Dywany","isPartOf":{"@id":"https:\/\/royaldywany.pl\/#website"},"datePublished":"2025-05-10T08:14:03+00:00","dateModified":"2026-02-15T16:03:03+00:00","description":"Dowiedz si\u0119, jak Royal Dywany chroni Twoje dane osobowe. Sprawd\u017a zasady prywatno\u015bci, plik\u00f3w cookies i przetwarzania informacji w naszym sklepie internetowym.","breadcrumb":{"@id":"https:\/\/royaldywany.pl\/privacy-policy#breadcrumb"},"inLanguage":"en-US","potentialAction":[{"@type":"ReadAction","target":["https:\/\/royaldywany.pl\/privacy-policy"]}]},{"@type":"BreadcrumbList","@id":"https:\/\/royaldywany.pl\/privacy-policy#breadcrumb","itemListElement":[{"@type":"ListItem","position":1,"name":"Strona g\u0142\u00f3wna","item":"https:\/\/royaldywany.pl\/"},{"@type":"ListItem","position":2,"name":"Polityka Prywatno\u015bci"}]},{"@type":"WebSite","@id":"https:\/\/royaldywany.pl\/#website","url":"https:\/\/royaldywany.pl\/","name":"Royal Rugs","description":"Royal Dywany \u2013 sztuka tkania elegancji i luksusu.","publisher":{"@id":"https:\/\/royaldywany.pl\/#organization"},"potentialAction":[{"@type":"SearchAction","target":{"@type":"EntryPoint","urlTemplate":"https:\/\/royaldywany.pl\/?s={search_term_string}"},"query-input":{"@type":"PropertyValueSpecification","valueRequired":true,"valueName":"search_term_string"}}],"inLanguage":"en-US"},{"@type":"Organization","@id":"https:\/\/royaldywany.pl\/#organization","name":"Royal Rugs","url":"https:\/\/royaldywany.pl\/","logo":{"@type":"ImageObject","inLanguage":"en-US","@id":"https:\/\/royaldywany.pl\/#\/schema\/logo\/image\/","url":"https:\/\/royaldywany.pl\/wp-content\/uploads\/2025\/05\/logo_home-1.webp","contentUrl":"https:\/\/royaldywany.pl\/wp-content\/uploads\/2025\/05\/logo_home-1.webp","width":75,"height":75,"caption":"Royal Dywany"},"image":{"@id":"https:\/\/royaldywany.pl\/#\/schema\/logo\/image\/"}}]}},"_links":{"self":[{"href":"https:\/\/royaldywany.pl\/en\/wp-json\/wp\/v2\/pages\/523","targetHints":{"allow":["GET"]}}],"collection":[{"href":"https:\/\/royaldywany.pl\/en\/wp-json\/wp\/v2\/pages"}],"about":[{"href":"https:\/\/royaldywany.pl\/en\/wp-json\/wp\/v2\/types\/page"}],"author":[{"embeddable":true,"href":"https:\/\/royaldywany.pl\/en\/wp-json\/wp\/v2\/users\/1"}],"replies":[{"embeddable":true,"href":"https:\/\/royaldywany.pl\/en\/wp-json\/wp\/v2\/comments?post=523"}],"version-history":[{"count":23,"href":"https:\/\/royaldywany.pl\/en\/wp-json\/wp\/v2\/pages\/523\/revisions"}],"predecessor-version":[{"id":2318,"href":"https:\/\/royaldywany.pl\/en\/wp-json\/wp\/v2\/pages\/523\/revisions\/2318"}],"wp:attachment":[{"href":"https:\/\/royaldywany.pl\/en\/wp-json\/wp\/v2\/media?parent=523"}],"curies":[{"name":"wp","href":"https:\/\/api.w.org\/{rel}","templated":true}]}}