{"id":16,"date":"2025-04-22T14:59:27","date_gmt":"2025-04-22T12:59:27","guid":{"rendered":"https:\/\/royaldywany.pl\/?page_id=16"},"modified":"2025-12-17T22:26:57","modified_gmt":"2025-12-17T21:26:57","slug":"store_policy","status":"publish","type":"page","link":"https:\/\/royaldywany.pl\/en\/store_policy","title":{"rendered":"Regulamin Sklepu"},"content":{"rendered":"<h2 data-start=\"225\" data-end=\"271\">REGULAMIN SKLEPU INTERNETOWEGO ROYAL DYWANY<\/h2>\n<h3 data-start=\"273\" data-end=\"300\">\u00a71 Postanowienia og\u00f3lne<\/h3>\n<ol data-start=\"302\" data-end=\"850\">\n<li data-start=\"302\" data-end=\"582\">\n<p data-start=\"305\" data-end=\"582\">Sklep internetowy dost\u0119pny pod adresem: <a href=\"https:\/\/royaldywany.pl\" target=\"_new\" rel=\"noopener\" data-start=\"345\" data-end=\"393\">https:\/\/royaldywany.pl<\/a>, prowadzony jest przez ROYAL DYWANY SP. Z O.O. z siedzib\u0105 w Warszawie, ul. Domaniewska 37\/2.43, 02-672 Warszawa, wpisan\u0105 do KRS pod numerem 0001155118, NIP: 5273151485, REGON: 54089305000000.<\/p>\n<\/li>\n<li data-start=\"583\" data-end=\"675\">\n<p data-start=\"586\" data-end=\"675\">Kontakt ze Sprzedawc\u0105: adres e-mail: <a rel=\"noopener\" data-start=\"623\" data-end=\"674\">biuro@royaldywany.pl<\/a>.<\/p>\n<\/li>\n<li data-start=\"676\" data-end=\"850\">\n<p data-start=\"679\" data-end=\"850\">Regulamin okre\u015bla zasady korzystania ze Sklepu, w szczeg\u00f3lno\u015bci sk\u0142adania zam\u00f3wie\u0144, zawierania i realizacji um\u00f3w sprzeda\u017cy, a tak\u017ce prawa i obowi\u0105zki Klienta i Sprzedawcy.<\/p>\n<\/li>\n<\/ol>\n<hr data-start=\"852\" data-end=\"855\" \/>\n<h3 data-start=\"857\" data-end=\"873\">\u00a72 Definicje<\/h3>\n<ul data-start=\"875\" data-end=\"1366\">\n<li data-start=\"875\" data-end=\"966\">\n<p data-start=\"877\" data-end=\"966\"><strong data-start=\"877\" data-end=\"886\">Sklep<\/strong> \u2013 sklep internetowy ROYAL DYWANY prowadzony pod adresem <a href=\"https:\/\/royaldywany.pl\" target=\"_new\" rel=\"noopener\" data-start=\"943\" data-end=\"965\">https:\/\/royaldywany.pl<\/a>.<\/p>\n<\/li>\n<li data-start=\"967\" data-end=\"1009\">\n<p data-start=\"969\" data-end=\"1009\"><strong data-start=\"969\" data-end=\"983\">Sprzedawca<\/strong> \u2013 ROYAL DYWANY SP. Z O.O.<\/p>\n<\/li>\n<li data-start=\"1010\" data-end=\"1179\">\n<p data-start=\"1012\" data-end=\"1179\"><strong data-start=\"1012\" data-end=\"1022\">Klient<\/strong> \u2013 osoba fizyczna, kt\u00f3ra uko\u0144czy\u0142a co najmniej 18 lat, osoba prawna lub jednostka organizacyjna nieposiadaj\u0105ca osobowo\u015bci prawnej, posiadaj\u0105ca konto Klienta.<\/p>\n<\/li>\n<li data-start=\"1180\" data-end=\"1240\">\n<p data-start=\"1182\" data-end=\"1240\"><strong data-start=\"1182\" data-end=\"1191\">Konto<\/strong> \u2013 indywidualne konto Klienta za\u0142o\u017cone w Sklepie.<\/p>\n<\/li>\n<li data-start=\"1241\" data-end=\"1283\">\n<p data-start=\"1243\" data-end=\"1283\"><strong data-start=\"1243\" data-end=\"1252\">Towar<\/strong> \u2013 produkt oferowany w Sklepie.<\/p>\n<\/li>\n<li data-start=\"1284\" data-end=\"1366\">\n<p data-start=\"1286\" data-end=\"1366\"><strong data-start=\"1286\" data-end=\"1305\">Umowa sprzeda\u017cy<\/strong> \u2013 umowa zawierana mi\u0119dzy Klientem a Sprzedawc\u0105 na odleg\u0142o\u015b\u0107.<\/p>\n<\/li>\n<\/ul>\n<hr data-start=\"1368\" data-end=\"1371\" \/>\n<h3 data-start=\"1373\" data-end=\"1409\">\u00a73 Warunki korzystania ze sklepu<\/h3>\n<ol data-start=\"1411\" data-end=\"1662\">\n<li data-start=\"1411\" data-end=\"1473\">\n<p data-start=\"1414\" data-end=\"1473\">Sk\u0142adanie zam\u00f3wie\u0144 mo\u017cliwe jest po za\u0142o\u017ceniu konta Klienta.<\/p>\n<\/li>\n<li data-start=\"1474\" data-end=\"1549\">\n<p data-start=\"1477\" data-end=\"1549\">Klient zobowi\u0105zany jest do podania danych zgodnych ze stanem faktycznym.<\/p>\n<\/li>\n<li data-start=\"1550\" data-end=\"1662\">\n<p data-start=\"1553\" data-end=\"1662\">Korzystanie ze Sklepu mo\u017cliwe jest przy pomocy urz\u0105dzenia z dost\u0119pem do Internetu i przegl\u0105dark\u0105 internetow\u0105.<\/p>\n<\/li>\n<\/ol>\n<hr data-start=\"1664\" data-end=\"1667\" \/>\n<h3 data-start=\"1669\" data-end=\"1694\">\u00a74 Sk\u0142adanie zam\u00f3wie\u0144<\/h3>\n<ol data-start=\"1696\" data-end=\"2065\">\n<li data-start=\"1696\" data-end=\"1761\">\n<p data-start=\"1699\" data-end=\"1761\">Zam\u00f3wienia mo\u017cna sk\u0142ada\u0107 24 godziny na dob\u0119, 7 dni w tygodniu.<\/p>\n<\/li>\n<li data-start=\"1762\" data-end=\"1955\">\n<p data-start=\"1765\" data-end=\"1799\">W celu z\u0142o\u017cenia zam\u00f3wienia nale\u017cy:<\/p>\n<ul data-start=\"1803\" data-end=\"1955\">\n<li data-start=\"1803\" data-end=\"1836\">\n<p data-start=\"1805\" data-end=\"1836\">zalogowa\u0107 si\u0119 na Konto Klienta,<\/p>\n<\/li>\n<li data-start=\"1840\" data-end=\"1873\">\n<p data-start=\"1842\" data-end=\"1873\">doda\u0107 wybrany Towar do koszyka,<\/p>\n<\/li>\n<li data-start=\"1877\" data-end=\"1912\">\n<p data-start=\"1879\" data-end=\"1912\">przej\u015b\u0107 do realizacji zam\u00f3wienia,<\/p>\n<\/li>\n<li data-start=\"1877\" data-end=\"1912\">wype\u0142ni\u0107 formularz zam\u00f3wienia, podaj\u0105c imi\u0119, nazwisko, adres zamieszkania (ulica, kod pocztowy, miejscowo\u015b\u0107), numer telefonu oraz adres e-mail,<\/li>\n<li data-start=\"1877\" data-end=\"1912\">zaznaczy\u0107 pole akceptacji Regulaminu Sklepu (checkbox). Brak akceptacji Regulaminu uniemo\u017cliwia finalizacj\u0119 zam\u00f3wienia \u2013 pojawi si\u0119 odpowiedni komunikat o b\u0142\u0119dzie,<\/li>\n<li data-start=\"1916\" data-end=\"1955\">\n<p data-start=\"1918\" data-end=\"1955\">potwierdzi\u0107 dane i dokona\u0107 p\u0142atno\u015bci.<\/p>\n<\/li>\n<\/ul>\n<\/li>\n<li data-start=\"1956\" data-end=\"2065\">\n<p data-start=\"1959\" data-end=\"2065\">Zawarcie umowy sprzeda\u017cy nast\u0119puje z chwil\u0105 potwierdzenia zam\u00f3wienia przez Sprzedawc\u0119 drog\u0105 elektroniczn\u0105.<\/p>\n<\/li>\n<\/ol>\n<hr data-start=\"2067\" data-end=\"2070\" \/>\n<h3 data-start=\"2072\" data-end=\"2102\">\u00a75 Ceny i metody p\u0142atno\u015bci<\/h3>\n<ol data-start=\"2104\" data-end=\"2340\">\n<li data-start=\"2104\" data-end=\"2190\">\n<p data-start=\"2107\" data-end=\"2190\">Ceny podane w Sklepie s\u0105 wyra\u017cone w z\u0142otych polskich (PLN) i zawieraj\u0105 podatek VAT.<\/p>\n<\/li>\n<li data-start=\"2191\" data-end=\"2340\">\n<p data-start=\"2194\" data-end=\"2220\">Dost\u0119pne metody p\u0142atno\u015bci:<\/p>\n<ul data-start=\"2224\" data-end=\"2340\">\n<li data-start=\"2224\" data-end=\"2245\">\n<p data-start=\"2226\" data-end=\"2245\">przelew tradycyjny,<\/p>\n<\/li>\n<li data-start=\"2249\" data-end=\"2294\">\n<p data-start=\"2251\" data-end=\"2294\">p\u0142atno\u015b\u0107 online (Przelewy24)<br \/>\n<b>operatorem kart p\u0142atniczych jest PayPro SA Agent Rozliczeniowy, ul. Pastelowa 8, 60-198 Pozna\u0144, wpisany do Rejestru Przedsi\u0119biorc\u00f3w Krajowego Rejestru S\u0105dowego prowadzonego przez S\u0105d Rejonowy Pozna\u0144 Nowe Miasto i Wilda w Poznaniu, VIII Wydzia\u0142 Gospodarczy Krajowego Rejestru S\u0105dowego pod numerem KRS 0000347935, NIP 7792369887, Regon 301345068.<\/b><\/p>\n<\/li>\n<\/ul>\n<\/li>\n<\/ol>\n<hr data-start=\"2342\" data-end=\"2345\" \/>\n<h3 data-start=\"2347\" data-end=\"2361\">\u00a76 Dostawa<\/h3>\n<ol data-start=\"156\" data-end=\"543\">\n<li data-start=\"156\" data-end=\"234\">\n<p data-start=\"159\" data-end=\"234\">Dostawy realizowane s\u0105 wy\u0142\u0105cznie na terytorium Rzeczypospolitej Polskiej.<\/p>\n<\/li>\n<li data-start=\"235\" data-end=\"287\">\n<p data-start=\"238\" data-end=\"287\">Koszt dostawy na terenie Polski jest bezp\u0142atny.<\/p>\n<\/li>\n<li data-start=\"288\" data-end=\"391\">\n<p data-start=\"291\" data-end=\"391\">Czas realizacji zam\u00f3wienia wynosi maksymalnie 14 dni roboczych od momentu zaksi\u0119gowania p\u0142atno\u015bci.<\/p>\n<\/li>\n<li data-start=\"392\" data-end=\"448\">\n<p data-start=\"395\" data-end=\"448\">\u015aredni czas dostawy wynosi od 3 do 5 dni roboczych.<\/p>\n<\/li>\n<li data-start=\"449\" data-end=\"543\">\n<p data-start=\"452\" data-end=\"543\">Zam\u00f3wienia dostarczane s\u0105 za po\u015brednictwem firm kurierskich wsp\u00f3\u0142pracuj\u0105cych ze Sprzedawc\u0105.<\/p>\n<\/li>\n<\/ol>\n<hr data-start=\"545\" data-end=\"548\" \/>\n<h3 data-start=\"2641\" data-end=\"2674\">\u00a77 Prawo odst\u0105pienia od umowy<\/h3>\n<ol>\n<li style=\"list-style-type: none;\">\n<ol data-start=\"250\" data-end=\"1037\">\n<li data-start=\"250\" data-end=\"481\">\n<p data-start=\"253\" data-end=\"481\">Klient b\u0119d\u0105cy Konsumentem, kt\u00f3ry zawar\u0142 umow\u0119 na odleg\u0142o\u015b\u0107, ma prawo odst\u0105pi\u0107 od niej w terminie 14 dni kalendarzowych bez podawania przyczyny i bez ponoszenia koszt\u00f3w, z wyj\u0105tkiem koszt\u00f3w okre\u015blonych w niniejszym Regulaminie.<\/p>\n<\/li>\n<li data-start=\"482\" data-end=\"630\">\n<p data-start=\"485\" data-end=\"630\">Aby skorzysta\u0107 z prawa odst\u0105pienia, nale\u017cy przes\u0142a\u0107 jednoznaczne o\u015bwiadczenie o odst\u0105pieniu od umowy na adres e-mail: <strong data-start=\"603\" data-end=\"627\"><a rel=\"noopener\" data-start=\"605\" data-end=\"625\">biuro@royaldywany.pl<\/a><\/strong>.<\/p>\n<\/li>\n<li data-start=\"631\" data-end=\"746\">\n<p data-start=\"634\" data-end=\"746\">Towar nale\u017cy odes\u0142a\u0107 nie p\u00f3\u017aniej ni\u017c w terminie 14 dni kalendarzowych od dnia zg\u0142oszenia odst\u0105pienia od umowy.<\/p>\n<\/li>\n<li data-start=\"747\" data-end=\"823\">\n<p data-start=\"750\" data-end=\"823\">Zwrotowi nie podlegaj\u0105 Towary wykonane na specjalne zam\u00f3wienie Klienta.<\/p>\n<\/li>\n<li data-start=\"824\" data-end=\"942\">\n<p data-start=\"827\" data-end=\"942\">Towar nale\u017cy odes\u0142a\u0107 oraz wysy\u0142ka zam\u00f3wie\u0144 realizowana jest z magazynu Sprzedawcy znajduj\u0105cego si\u0119 pod adresem:<br \/>\nROYAL DYWANY SP. Z O.O.<br \/>\nul. Czy\u017cewska 3\/1<br \/>\n02-908 Warszawa<br \/>\nPolska<\/p>\n<\/li>\n<li data-start=\"943\" data-end=\"1037\">\n<p data-start=\"946\" data-end=\"1037\">Zwrot \u015brodk\u00f3w nast\u0119puje w terminie do 5 dni roboczych od dnia otrzymania zwr\u00f3conego Towaru.<\/p>\n<\/li>\n<\/ol>\n<\/li>\n<\/ol>\n<hr data-start=\"3084\" data-end=\"3087\" \/>\n<h3 data-start=\"3089\" data-end=\"3106\">\u00a78 Reklamacje<\/h3>\n<ol data-start=\"3108\" data-end=\"3370\">\n<li data-start=\"3108\" data-end=\"3212\">\n<p data-start=\"3111\" data-end=\"3212\">Reklamacje mo\u017cna sk\u0142ada\u0107 drog\u0105 mailow\u0105 na adres: <a rel=\"noopener\" data-start=\"3160\" data-end=\"3211\">biuro@royaldywany.pl<\/a>.<\/p>\n<\/li>\n<li data-start=\"3213\" data-end=\"3312\">\n<p data-start=\"3216\" data-end=\"3312\">Reklamacja powinna zawiera\u0107: dane Klienta, opis problemu oraz zdj\u0119cia uszkodze\u0144 (je\u015bli dotyczy).<\/p>\n<\/li>\n<li data-start=\"3313\" data-end=\"3370\">\n<p data-start=\"3316\" data-end=\"3370\">Sprzedawca rozpatruje reklamacj\u0119 w terminie do 14 dni.<\/p>\n<\/li>\n<\/ol>\n<hr data-start=\"3372\" data-end=\"3375\" \/>\n<h3 data-start=\"3377\" data-end=\"3396\">\u00a79 Dane osobowe<\/h3>\n<ol data-start=\"3398\" data-end=\"3639\">\n<li data-start=\"3398\" data-end=\"3462\">\n<p data-start=\"3401\" data-end=\"3462\">Administratorem danych osobowych jest ROYAL DYWANY SP. Z O.O.<\/p>\n<\/li>\n<li data-start=\"3463\" data-end=\"3639\">\n<p data-start=\"3466\" data-end=\"3639\">Dane osobowe przetwarzane s\u0105 zgodnie z Polityk\u0105 Prywatno\u015bci dost\u0119pn\u0105 pod adresem: <a target=\"_new\" rel=\"noopener\" data-start=\"3548\" data-end=\"3638\">https:\/\/royaldywany.pl\/polityka-prywatnosci<\/a>.<\/p>\n<\/li>\n<li data-start=\"3463\" data-end=\"3639\">\n<p data-start=\"3466\" data-end=\"3639\">Klient ma prawo wgl\u0105du do swoich danych, ich poprawiania oraz usuni\u0119cia.<\/p>\n<\/li>\n<\/ol>\n<hr data-start=\"3641\" data-end=\"3644\" \/>\n<h3 data-start=\"3646\" data-end=\"3675\">\u00a710 Postanowienia ko\u0144cowe<\/h3>\n<ol data-start=\"3677\" data-end=\"3971\">\n<li data-start=\"3677\" data-end=\"3753\">\n<p data-start=\"3680\" data-end=\"3753\">Sprzedawca zastrzega sobie prawo do zmiany Regulaminu z wa\u017cnych przyczyn.<\/p>\n<\/li>\n<li data-start=\"3754\" data-end=\"3844\">\n<p data-start=\"3757\" data-end=\"3844\">Klient zostanie poinformowany o zmianie Regulaminu drog\u0105 mailow\u0105 lub na stronie Sklepu.<\/p>\n<\/li>\n<li data-start=\"3845\" data-end=\"3971\">\n<p data-start=\"3848\" data-end=\"3971\">W sprawach nieuregulowanych zastosowanie maj\u0105 przepisy prawa polskiego, w tym Kodeks cywilny i ustawa o prawach konsumenta.<\/p>\n<\/li>\n<\/ol>","protected":false},"excerpt":{"rendered":"<p>REGULAMIN SKLEPU INTERNETOWEGO ROYAL&#8230;<\/p>","protected":false},"author":1,"featured_media":0,"parent":0,"menu_order":0,"comment_status":"closed","ping_status":"closed","template":"","meta":{"footnotes":""},"class_list":["post-16","page","type-page","status-publish","hentry"],"yoast_head":"<!-- This site is optimized with the Yoast SEO plugin v27.5 - https:\/\/yoast.com\/product\/yoast-seo-wordpress\/ -->\n<title>Regulamin Sklepu Royal Dywany \u2013 Warunki Zakupu i Zwroty<\/title>\n<meta name=\"description\" content=\"Poznaj zasady zakup\u00f3w, p\u0142atno\u015bci, zwrot\u00f3w i reklamacji w Royal Dywany. Przejrzyste warunki sprzeda\u017cy zapewniaj\u0105 komfort i bezpiecze\u0144stwo Twoich zakup\u00f3w dywan\u00f3w perskich.\" \/>\n<meta name=\"robots\" content=\"index, follow, max-snippet:-1, max-image-preview:large, max-video-preview:-1\" \/>\n<link rel=\"canonical\" href=\"https:\/\/royaldywany.pl\/en\/store_policy\/\" \/>\n<meta property=\"og:locale\" content=\"en_US\" \/>\n<meta property=\"og:type\" content=\"article\" \/>\n<meta property=\"og:title\" content=\"Regulamin Sklepu Royal Dywany \u2013 Warunki Zakupu i Zwroty\" \/>\n<meta property=\"og:description\" content=\"Poznaj zasady zakup\u00f3w, p\u0142atno\u015bci, zwrot\u00f3w i reklamacji w Royal Dywany. Przejrzyste warunki sprzeda\u017cy zapewniaj\u0105 komfort i bezpiecze\u0144stwo Twoich zakup\u00f3w dywan\u00f3w perskich.\" \/>\n<meta property=\"og:url\" content=\"https:\/\/royaldywany.pl\/en\/store_policy\/\" \/>\n<meta property=\"og:site_name\" content=\"Royal Dywany\" \/>\n<meta property=\"article:modified_time\" content=\"2025-12-17T21:26:57+00:00\" \/>\n<meta name=\"twitter:card\" content=\"summary_large_image\" \/>\n<meta name=\"twitter:label1\" content=\"Est. reading time\" \/>\n\t<meta name=\"twitter:data1\" content=\"3 minutes\" \/>\n<script type=\"application\/ld+json\" class=\"yoast-schema-graph\">{\"@context\":\"https:\\\/\\\/schema.org\",\"@graph\":[{\"@type\":\"WebPage\",\"@id\":\"https:\\\/\\\/royaldywany.pl\\\/store_policy\",\"url\":\"https:\\\/\\\/royaldywany.pl\\\/store_policy\",\"name\":\"Regulamin Sklepu Royal Dywany \u2013 Warunki Zakupu i Zwroty\",\"isPartOf\":{\"@id\":\"https:\\\/\\\/royaldywany.pl\\\/#website\"},\"datePublished\":\"2025-04-22T12:59:27+00:00\",\"dateModified\":\"2025-12-17T21:26:57+00:00\",\"description\":\"Poznaj zasady zakup\u00f3w, p\u0142atno\u015bci, zwrot\u00f3w i reklamacji w Royal Dywany. Przejrzyste warunki sprzeda\u017cy zapewniaj\u0105 komfort i bezpiecze\u0144stwo Twoich zakup\u00f3w dywan\u00f3w perskich.\",\"breadcrumb\":{\"@id\":\"https:\\\/\\\/royaldywany.pl\\\/store_policy#breadcrumb\"},\"inLanguage\":\"en-US\",\"potentialAction\":[{\"@type\":\"ReadAction\",\"target\":[\"https:\\\/\\\/royaldywany.pl\\\/store_policy\"]}]},{\"@type\":\"BreadcrumbList\",\"@id\":\"https:\\\/\\\/royaldywany.pl\\\/store_policy#breadcrumb\",\"itemListElement\":[{\"@type\":\"ListItem\",\"position\":1,\"name\":\"Strona g\u0142\u00f3wna\",\"item\":\"https:\\\/\\\/royaldywany.pl\\\/\"},{\"@type\":\"ListItem\",\"position\":2,\"name\":\"Regulamin Sklepu\"}]},{\"@type\":\"WebSite\",\"@id\":\"https:\\\/\\\/royaldywany.pl\\\/#website\",\"url\":\"https:\\\/\\\/royaldywany.pl\\\/\",\"name\":\"Royal Dywany\",\"description\":\"Royal Dywany \u2013 sztuka tkania elegancji i luksusu.\",\"publisher\":{\"@id\":\"https:\\\/\\\/royaldywany.pl\\\/#organization\"},\"potentialAction\":[{\"@type\":\"SearchAction\",\"target\":{\"@type\":\"EntryPoint\",\"urlTemplate\":\"https:\\\/\\\/royaldywany.pl\\\/?s={search_term_string}\"},\"query-input\":{\"@type\":\"PropertyValueSpecification\",\"valueRequired\":true,\"valueName\":\"search_term_string\"}}],\"inLanguage\":\"en-US\"},{\"@type\":\"Organization\",\"@id\":\"https:\\\/\\\/royaldywany.pl\\\/#organization\",\"name\":\"Royal Dywany\",\"url\":\"https:\\\/\\\/royaldywany.pl\\\/\",\"logo\":{\"@type\":\"ImageObject\",\"inLanguage\":\"en-US\",\"@id\":\"https:\\\/\\\/royaldywany.pl\\\/#\\\/schema\\\/logo\\\/image\\\/\",\"url\":\"https:\\\/\\\/royaldywany.pl\\\/wp-content\\\/uploads\\\/2025\\\/05\\\/logo_home-1.webp\",\"contentUrl\":\"https:\\\/\\\/royaldywany.pl\\\/wp-content\\\/uploads\\\/2025\\\/05\\\/logo_home-1.webp\",\"width\":75,\"height\":75,\"caption\":\"Royal Dywany\"},\"image\":{\"@id\":\"https:\\\/\\\/royaldywany.pl\\\/#\\\/schema\\\/logo\\\/image\\\/\"}}]}<\/script>\n<!-- \/ Yoast SEO plugin. -->","yoast_head_json":{"title":"Regulamin Sklepu Royal Dywany \u2013 Warunki Zakupu i Zwroty","description":"Poznaj zasady zakup\u00f3w, p\u0142atno\u015bci, zwrot\u00f3w i reklamacji w Royal Dywany. Przejrzyste warunki sprzeda\u017cy zapewniaj\u0105 komfort i bezpiecze\u0144stwo Twoich zakup\u00f3w dywan\u00f3w perskich.","robots":{"index":"index","follow":"follow","max-snippet":"max-snippet:-1","max-image-preview":"max-image-preview:large","max-video-preview":"max-video-preview:-1"},"canonical":"https:\/\/royaldywany.pl\/en\/store_policy\/","og_locale":"en_US","og_type":"article","og_title":"Regulamin Sklepu Royal Dywany \u2013 Warunki Zakupu i Zwroty","og_description":"Poznaj zasady zakup\u00f3w, p\u0142atno\u015bci, zwrot\u00f3w i reklamacji w Royal Dywany. Przejrzyste warunki sprzeda\u017cy zapewniaj\u0105 komfort i bezpiecze\u0144stwo Twoich zakup\u00f3w dywan\u00f3w perskich.","og_url":"https:\/\/royaldywany.pl\/en\/store_policy\/","og_site_name":"Royal Dywany","article_modified_time":"2025-12-17T21:26:57+00:00","twitter_card":"summary_large_image","twitter_misc":{"Est. reading time":"3 minutes"},"schema":{"@context":"https:\/\/schema.org","@graph":[{"@type":"WebPage","@id":"https:\/\/royaldywany.pl\/store_policy","url":"https:\/\/royaldywany.pl\/store_policy","name":"Regulamin Sklepu Royal Dywany \u2013 Warunki Zakupu i Zwroty","isPartOf":{"@id":"https:\/\/royaldywany.pl\/#website"},"datePublished":"2025-04-22T12:59:27+00:00","dateModified":"2025-12-17T21:26:57+00:00","description":"Poznaj zasady zakup\u00f3w, p\u0142atno\u015bci, zwrot\u00f3w i reklamacji w Royal Dywany. Przejrzyste warunki sprzeda\u017cy zapewniaj\u0105 komfort i bezpiecze\u0144stwo Twoich zakup\u00f3w dywan\u00f3w perskich.","breadcrumb":{"@id":"https:\/\/royaldywany.pl\/store_policy#breadcrumb"},"inLanguage":"en-US","potentialAction":[{"@type":"ReadAction","target":["https:\/\/royaldywany.pl\/store_policy"]}]},{"@type":"BreadcrumbList","@id":"https:\/\/royaldywany.pl\/store_policy#breadcrumb","itemListElement":[{"@type":"ListItem","position":1,"name":"Strona g\u0142\u00f3wna","item":"https:\/\/royaldywany.pl\/"},{"@type":"ListItem","position":2,"name":"Regulamin Sklepu"}]},{"@type":"WebSite","@id":"https:\/\/royaldywany.pl\/#website","url":"https:\/\/royaldywany.pl\/","name":"Royal Rugs","description":"Royal Dywany \u2013 sztuka tkania elegancji i luksusu.","publisher":{"@id":"https:\/\/royaldywany.pl\/#organization"},"potentialAction":[{"@type":"SearchAction","target":{"@type":"EntryPoint","urlTemplate":"https:\/\/royaldywany.pl\/?s={search_term_string}"},"query-input":{"@type":"PropertyValueSpecification","valueRequired":true,"valueName":"search_term_string"}}],"inLanguage":"en-US"},{"@type":"Organization","@id":"https:\/\/royaldywany.pl\/#organization","name":"Royal Rugs","url":"https:\/\/royaldywany.pl\/","logo":{"@type":"ImageObject","inLanguage":"en-US","@id":"https:\/\/royaldywany.pl\/#\/schema\/logo\/image\/","url":"https:\/\/royaldywany.pl\/wp-content\/uploads\/2025\/05\/logo_home-1.webp","contentUrl":"https:\/\/royaldywany.pl\/wp-content\/uploads\/2025\/05\/logo_home-1.webp","width":75,"height":75,"caption":"Royal Dywany"},"image":{"@id":"https:\/\/royaldywany.pl\/#\/schema\/logo\/image\/"}}]}},"_links":{"self":[{"href":"https:\/\/royaldywany.pl\/en\/wp-json\/wp\/v2\/pages\/16","targetHints":{"allow":["GET"]}}],"collection":[{"href":"https:\/\/royaldywany.pl\/en\/wp-json\/wp\/v2\/pages"}],"about":[{"href":"https:\/\/royaldywany.pl\/en\/wp-json\/wp\/v2\/types\/page"}],"author":[{"embeddable":true,"href":"https:\/\/royaldywany.pl\/en\/wp-json\/wp\/v2\/users\/1"}],"replies":[{"embeddable":true,"href":"https:\/\/royaldywany.pl\/en\/wp-json\/wp\/v2\/comments?post=16"}],"version-history":[{"count":41,"href":"https:\/\/royaldywany.pl\/en\/wp-json\/wp\/v2\/pages\/16\/revisions"}],"predecessor-version":[{"id":2228,"href":"https:\/\/royaldywany.pl\/en\/wp-json\/wp\/v2\/pages\/16\/revisions\/2228"}],"wp:attachment":[{"href":"https:\/\/royaldywany.pl\/en\/wp-json\/wp\/v2\/media?parent=16"}],"curies":[{"name":"wp","href":"https:\/\/api.w.org\/{rel}","templated":true}]}}