{"id":15,"date":"2025-04-22T13:44:30","date_gmt":"2025-04-22T11:44:30","guid":{"rendered":"https:\/\/royaldywany.pl\/my-account"},"modified":"2025-08-12T12:38:21","modified_gmt":"2025-08-12T10:38:21","slug":"account","status":"publish","type":"page","link":"https:\/\/royaldywany.pl\/en\/account","title":{"rendered":"Konto"},"content":{"rendered":"<h1 class=\"wp-block-heading\">Konto u\u017cytkownika Royal Dywany zarz\u0105dzanie zam\u00f3wieniami<\/h1>\n\n\n\n<p>Konto u\u017cytkownika Royal Dywany zarz\u0105dzanie zam\u00f3wieniami to Twoje centrum kontroli nad zakupami w naszym sklepie. Dzi\u0119ki temu panelowi mo\u017cesz \u0142atwo przegl\u0105da\u0107 histori\u0119 zam\u00f3wie\u0144, aktualizowa\u0107 dane osobowe oraz korzysta\u0107 z ekskluzywnych ofert przygotowanych specjalnie dla naszych klient\u00f3w.<\/p>\n\n\n\n<p>Je\u015bli jeszcze nie masz konta, <a href=\"\/account\" target=\"_blank\" rel=\"noreferrer noopener\">zarejestruj si\u0119 tutaj<\/a>, aby szybko i wygodnie zarz\u0105dza\u0107 swoimi zakupami. Nasza platforma jest bezpieczna i intuicyjna, zapewniaj\u0105c komfortowe korzystanie z us\u0142ug.<\/p>\n\n\n\n<p>Odwied\u017a r\u00f3wnie\u017c <a href=\"\/kolekcja\" target=\"_blank\" rel=\"noreferrer noopener\">nasz\u0105 ofert\u0119 dywan\u00f3w<\/a>, aby pozna\u0107 najnowsze kolekcje oraz wyj\u0105tkowe wzory. Zach\u0119camy tak\u017ce do zapoznania si\u0119 z naszym <a href=\"\/store_policy\" target=\"_blank\" rel=\"noreferrer noopener\">regulaminem<\/a> i <a href=\"\/privacy-policy\" target=\"_blank\" rel=\"noreferrer noopener\">polityk\u0105 prywatno\u015bci<\/a>.<\/p>\n\n\n<div class=\"woocommerce\"><\/div>","protected":false},"excerpt":{"rendered":"<p>Konto u\u017cytkownika Royal Dywany&#8230;<\/p>","protected":false},"author":1,"featured_media":0,"parent":0,"menu_order":0,"comment_status":"closed","ping_status":"closed","template":"","meta":{"footnotes":""},"class_list":["post-15","page","type-page","status-publish","hentry"],"yoast_head":"<!-- This site is optimized with the Yoast SEO plugin v27.5 - https:\/\/yoast.com\/product\/yoast-seo-wordpress\/ -->\n<title>Konto u\u017cytkownika Royal Dywany zarz\u0105dzanie zam\u00f3wieniami<\/title>\n<meta name=\"description\" content=\"Konto u\u017cytkownika Royal Dywany zarz\u0105dzanie zam\u00f3wieniami umo\u017cliwia \u0142atwe \u015bledzenie zakup\u00f3w i aktualizacj\u0119 danych. Zaloguj si\u0119, aby korzysta\u0107 z luksusowych ofert.\" \/>\n<meta name=\"robots\" content=\"index, follow, max-snippet:-1, max-image-preview:large, max-video-preview:-1\" \/>\n<link rel=\"canonical\" href=\"https:\/\/royaldywany.pl\/en\/account\/\" \/>\n<meta property=\"og:locale\" content=\"en_US\" \/>\n<meta property=\"og:type\" content=\"article\" \/>\n<meta property=\"og:title\" content=\"Konto u\u017cytkownika Royal Dywany zarz\u0105dzanie zam\u00f3wieniami\" \/>\n<meta property=\"og:description\" content=\"Konto u\u017cytkownika Royal Dywany zarz\u0105dzanie zam\u00f3wieniami umo\u017cliwia \u0142atwe \u015bledzenie zakup\u00f3w i aktualizacj\u0119 danych. Zaloguj si\u0119, aby korzysta\u0107 z luksusowych ofert.\" \/>\n<meta property=\"og:url\" content=\"https:\/\/royaldywany.pl\/en\/account\/\" \/>\n<meta property=\"og:site_name\" content=\"Royal Dywany\" \/>\n<meta property=\"article:modified_time\" content=\"2025-08-12T10:38:21+00:00\" \/>\n<meta name=\"twitter:card\" content=\"summary_large_image\" \/>\n<meta name=\"twitter:label1\" content=\"Est. reading time\" \/>\n\t<meta name=\"twitter:data1\" content=\"1 minute\" \/>\n<script type=\"application\/ld+json\" class=\"yoast-schema-graph\">{\"@context\":\"https:\\\/\\\/schema.org\",\"@graph\":[{\"@type\":\"WebPage\",\"@id\":\"https:\\\/\\\/royaldywany.pl\\\/account\",\"url\":\"https:\\\/\\\/royaldywany.pl\\\/account\",\"name\":\"Konto u\u017cytkownika Royal Dywany zarz\u0105dzanie zam\u00f3wieniami\",\"isPartOf\":{\"@id\":\"https:\\\/\\\/royaldywany.pl\\\/#website\"},\"datePublished\":\"2025-04-22T11:44:30+00:00\",\"dateModified\":\"2025-08-12T10:38:21+00:00\",\"description\":\"Konto u\u017cytkownika Royal Dywany zarz\u0105dzanie zam\u00f3wieniami umo\u017cliwia \u0142atwe \u015bledzenie zakup\u00f3w i aktualizacj\u0119 danych. Zaloguj si\u0119, aby korzysta\u0107 z luksusowych ofert.\",\"breadcrumb\":{\"@id\":\"https:\\\/\\\/royaldywany.pl\\\/account#breadcrumb\"},\"inLanguage\":\"en-US\",\"potentialAction\":[{\"@type\":\"ReadAction\",\"target\":[\"https:\\\/\\\/royaldywany.pl\\\/account\"]}]},{\"@type\":\"BreadcrumbList\",\"@id\":\"https:\\\/\\\/royaldywany.pl\\\/account#breadcrumb\",\"itemListElement\":[{\"@type\":\"ListItem\",\"position\":1,\"name\":\"Strona g\u0142\u00f3wna\",\"item\":\"https:\\\/\\\/royaldywany.pl\\\/\"},{\"@type\":\"ListItem\",\"position\":2,\"name\":\"Konto\"}]},{\"@type\":\"WebSite\",\"@id\":\"https:\\\/\\\/royaldywany.pl\\\/#website\",\"url\":\"https:\\\/\\\/royaldywany.pl\\\/\",\"name\":\"Royal Dywany\",\"description\":\"Royal Dywany \u2013 sztuka tkania elegancji i luksusu.\",\"publisher\":{\"@id\":\"https:\\\/\\\/royaldywany.pl\\\/#organization\"},\"potentialAction\":[{\"@type\":\"SearchAction\",\"target\":{\"@type\":\"EntryPoint\",\"urlTemplate\":\"https:\\\/\\\/royaldywany.pl\\\/?s={search_term_string}\"},\"query-input\":{\"@type\":\"PropertyValueSpecification\",\"valueRequired\":true,\"valueName\":\"search_term_string\"}}],\"inLanguage\":\"en-US\"},{\"@type\":\"Organization\",\"@id\":\"https:\\\/\\\/royaldywany.pl\\\/#organization\",\"name\":\"Royal Dywany\",\"url\":\"https:\\\/\\\/royaldywany.pl\\\/\",\"logo\":{\"@type\":\"ImageObject\",\"inLanguage\":\"en-US\",\"@id\":\"https:\\\/\\\/royaldywany.pl\\\/#\\\/schema\\\/logo\\\/image\\\/\",\"url\":\"https:\\\/\\\/royaldywany.pl\\\/wp-content\\\/uploads\\\/2025\\\/05\\\/logo_home-1.webp\",\"contentUrl\":\"https:\\\/\\\/royaldywany.pl\\\/wp-content\\\/uploads\\\/2025\\\/05\\\/logo_home-1.webp\",\"width\":75,\"height\":75,\"caption\":\"Royal Dywany\"},\"image\":{\"@id\":\"https:\\\/\\\/royaldywany.pl\\\/#\\\/schema\\\/logo\\\/image\\\/\"}}]}<\/script>\n<!-- \/ Yoast SEO plugin. -->","yoast_head_json":{"title":"Konto u\u017cytkownika Royal Dywany zarz\u0105dzanie zam\u00f3wieniami","description":"Konto u\u017cytkownika Royal Dywany zarz\u0105dzanie zam\u00f3wieniami umo\u017cliwia \u0142atwe \u015bledzenie zakup\u00f3w i aktualizacj\u0119 danych. Zaloguj si\u0119, aby korzysta\u0107 z luksusowych ofert.","robots":{"index":"index","follow":"follow","max-snippet":"max-snippet:-1","max-image-preview":"max-image-preview:large","max-video-preview":"max-video-preview:-1"},"canonical":"https:\/\/royaldywany.pl\/en\/account\/","og_locale":"en_US","og_type":"article","og_title":"Konto u\u017cytkownika Royal Dywany zarz\u0105dzanie zam\u00f3wieniami","og_description":"Konto u\u017cytkownika Royal Dywany zarz\u0105dzanie zam\u00f3wieniami umo\u017cliwia \u0142atwe \u015bledzenie zakup\u00f3w i aktualizacj\u0119 danych. Zaloguj si\u0119, aby korzysta\u0107 z luksusowych ofert.","og_url":"https:\/\/royaldywany.pl\/en\/account\/","og_site_name":"Royal Dywany","article_modified_time":"2025-08-12T10:38:21+00:00","twitter_card":"summary_large_image","twitter_misc":{"Est. reading time":"1 minute"},"schema":{"@context":"https:\/\/schema.org","@graph":[{"@type":"WebPage","@id":"https:\/\/royaldywany.pl\/account","url":"https:\/\/royaldywany.pl\/account","name":"Konto u\u017cytkownika Royal Dywany zarz\u0105dzanie zam\u00f3wieniami","isPartOf":{"@id":"https:\/\/royaldywany.pl\/#website"},"datePublished":"2025-04-22T11:44:30+00:00","dateModified":"2025-08-12T10:38:21+00:00","description":"Konto u\u017cytkownika Royal Dywany zarz\u0105dzanie zam\u00f3wieniami umo\u017cliwia \u0142atwe \u015bledzenie zakup\u00f3w i aktualizacj\u0119 danych. Zaloguj si\u0119, aby korzysta\u0107 z luksusowych ofert.","breadcrumb":{"@id":"https:\/\/royaldywany.pl\/account#breadcrumb"},"inLanguage":"en-US","potentialAction":[{"@type":"ReadAction","target":["https:\/\/royaldywany.pl\/account"]}]},{"@type":"BreadcrumbList","@id":"https:\/\/royaldywany.pl\/account#breadcrumb","itemListElement":[{"@type":"ListItem","position":1,"name":"Strona g\u0142\u00f3wna","item":"https:\/\/royaldywany.pl\/"},{"@type":"ListItem","position":2,"name":"Konto"}]},{"@type":"WebSite","@id":"https:\/\/royaldywany.pl\/#website","url":"https:\/\/royaldywany.pl\/","name":"Royal Rugs","description":"Royal Dywany \u2013 sztuka tkania elegancji i luksusu.","publisher":{"@id":"https:\/\/royaldywany.pl\/#organization"},"potentialAction":[{"@type":"SearchAction","target":{"@type":"EntryPoint","urlTemplate":"https:\/\/royaldywany.pl\/?s={search_term_string}"},"query-input":{"@type":"PropertyValueSpecification","valueRequired":true,"valueName":"search_term_string"}}],"inLanguage":"en-US"},{"@type":"Organization","@id":"https:\/\/royaldywany.pl\/#organization","name":"Royal Rugs","url":"https:\/\/royaldywany.pl\/","logo":{"@type":"ImageObject","inLanguage":"en-US","@id":"https:\/\/royaldywany.pl\/#\/schema\/logo\/image\/","url":"https:\/\/royaldywany.pl\/wp-content\/uploads\/2025\/05\/logo_home-1.webp","contentUrl":"https:\/\/royaldywany.pl\/wp-content\/uploads\/2025\/05\/logo_home-1.webp","width":75,"height":75,"caption":"Royal Dywany"},"image":{"@id":"https:\/\/royaldywany.pl\/#\/schema\/logo\/image\/"}}]}},"_links":{"self":[{"href":"https:\/\/royaldywany.pl\/en\/wp-json\/wp\/v2\/pages\/15","targetHints":{"allow":["GET"]}}],"collection":[{"href":"https:\/\/royaldywany.pl\/en\/wp-json\/wp\/v2\/pages"}],"about":[{"href":"https:\/\/royaldywany.pl\/en\/wp-json\/wp\/v2\/types\/page"}],"author":[{"embeddable":true,"href":"https:\/\/royaldywany.pl\/en\/wp-json\/wp\/v2\/users\/1"}],"replies":[{"embeddable":true,"href":"https:\/\/royaldywany.pl\/en\/wp-json\/wp\/v2\/comments?post=15"}],"version-history":[{"count":4,"href":"https:\/\/royaldywany.pl\/en\/wp-json\/wp\/v2\/pages\/15\/revisions"}],"predecessor-version":[{"id":2092,"href":"https:\/\/royaldywany.pl\/en\/wp-json\/wp\/v2\/pages\/15\/revisions\/2092"}],"wp:attachment":[{"href":"https:\/\/royaldywany.pl\/en\/wp-json\/wp\/v2\/media?parent=15"}],"curies":[{"name":"wp","href":"https:\/\/api.w.org\/{rel}","templated":true}]}}