{"id":13,"date":"2025-04-22T13:44:30","date_gmt":"2025-04-22T11:44:30","guid":{"rendered":"https:\/\/royaldywany.pl\/cart"},"modified":"2025-08-02T11:49:05","modified_gmt":"2025-08-02T09:49:05","slug":"koszyk","status":"publish","type":"page","link":"https:\/\/royaldywany.pl\/en\/koszyk","title":{"rendered":"Koszyk"},"content":{"rendered":"<div data-block-name=\"woocommerce\/cart\" class=\"wp-block-woocommerce-cart alignwide is-loading\">\n<div data-block-name=\"woocommerce\/filled-cart-block\" class=\"wp-block-woocommerce-filled-cart-block\">\n<div data-block-name=\"woocommerce\/cart-items-block\" class=\"wp-block-woocommerce-cart-items-block\">\n<div data-block-name=\"woocommerce\/cart-line-items-block\" class=\"wp-block-woocommerce-cart-line-items-block\"><\/div>\n\n\n\n<div data-block-name=\"woocommerce\/cart-cross-sells-block\" class=\"wp-block-woocommerce-cart-cross-sells-block\">\n<h2 class=\"wp-block-heading has-large-font-size\">You may be interested in\u2026<\/h2>\n\n\n\n<div data-block-name=\"woocommerce\/cart-cross-sells-products-block\" class=\"wp-block-woocommerce-cart-cross-sells-products-block\"><\/div>\n<\/div>\n<\/div>\n\n\n\n<div data-block-name=\"woocommerce\/cart-totals-block\" class=\"wp-block-woocommerce-cart-totals-block\">\n<div data-block-name=\"woocommerce\/cart-order-summary-block\" class=\"wp-block-woocommerce-cart-order-summary-block\">\n<div data-block-name=\"woocommerce\/cart-order-summary-heading-block\" data-content=\"Podsumowanie koszyka\" class=\"wp-block-woocommerce-cart-order-summary-heading-block\"><\/div>\n\n\n\n<div data-block-name=\"woocommerce\/cart-order-summary-coupon-form-block\" class=\"wp-block-woocommerce-cart-order-summary-coupon-form-block\"><\/div>\n\n\n\n<div data-block-name=\"woocommerce\/cart-order-summary-totals-block\" class=\"wp-block-woocommerce-cart-order-summary-totals-block\">\n<div data-block-name=\"woocommerce\/cart-order-summary-subtotal-block\" class=\"wp-block-woocommerce-cart-order-summary-subtotal-block\"><\/div>\n\n\n\n<div data-block-name=\"woocommerce\/cart-order-summary-fee-block\" class=\"wp-block-woocommerce-cart-order-summary-fee-block\"><\/div>\n\n\n\n<div data-block-name=\"woocommerce\/cart-order-summary-discount-block\" class=\"wp-block-woocommerce-cart-order-summary-discount-block\"><\/div>\n\n\n\n<div data-block-name=\"woocommerce\/cart-order-summary-shipping-block\" class=\"wp-block-woocommerce-cart-order-summary-shipping-block\"><\/div>\n\n\n\n<div data-block-name=\"woocommerce\/cart-order-summary-taxes-block\" class=\"wp-block-woocommerce-cart-order-summary-taxes-block\"><\/div>\n<\/div>\n<\/div>\n\n\n\n<div data-block-name=\"woocommerce\/cart-express-payment-block\" class=\"wp-block-woocommerce-cart-express-payment-block\"><\/div>\n\n\n\n<div data-block-name=\"woocommerce\/proceed-to-checkout-block\" class=\"wp-block-woocommerce-proceed-to-checkout-block blue-button\"><\/div>\n\n\n\n<div data-block-name=\"woocommerce\/cart-accepted-payment-methods-block\" class=\"wp-block-woocommerce-cart-accepted-payment-methods-block\"><\/div>\n<\/div>\n<\/div>\n\n\n\n<div data-block-name=\"woocommerce\/empty-cart-block\" class=\"wp-block-woocommerce-empty-cart-block\">\n<h2 class=\"wp-block-heading has-text-align-center with-empty-cart-icon wc-block-cart__empty-cart__title\">Your cart is currently empty!<\/h2>\n\n\n\n<hr class=\"wp-block-separator has-alpha-channel-opacity is-style-dots\"\/>\n\n\n\n<h2 class=\"wp-block-heading has-text-align-center\">New in store<\/h2>\n\n\n<div data-block-name=\"woocommerce\/product-new\" data-columns=\"4\" data-rows=\"1\" class=\"wc-block-grid wp-block-product-new wp-block-woocommerce-product-new wc-block-product-new has-4-columns\"><ul class=\"wc-block-grid__products\"><li class=\"wc-block-grid__product\">\n\t\t\t\t<a href=\"https:\/\/royaldywany.pl\/en\/product\/dywan-obrazowy-maryja-1700-reed-przedza-modalna-copy\" class=\"wc-block-grid__product-link\">\n\t\t\t\t\t\n\t\t\t\t\t<div class=\"wc-block-grid__product-image\"><img fetchpriority=\"high\" decoding=\"async\" width=\"300\" height=\"450\" src=\"https:\/\/royaldywany.pl\/wp-content\/uploads\/2026\/04\/IMG_9916_1000_logo-300x450.webp\" class=\"attachment-woocommerce_thumbnail size-woocommerce_thumbnail\" alt=\"Dywan obrazowy Maryja (Matka Jezusa) w modlitwie | 1700 reed, prz\u0119dza modalna\" srcset=\"https:\/\/royaldywany.pl\/wp-content\/uploads\/2026\/04\/IMG_9916_1000_logo-300x450.webp 300w, https:\/\/royaldywany.pl\/wp-content\/uploads\/2026\/04\/IMG_9916_1000_logo-7x12.webp 7w\" sizes=\"(max-width: 300px) 100vw, 300px\" \/><\/div>\n\t\t\t\t\t<div class=\"wc-block-grid__product-title\">Dywan obrazowy Maryja (Matka Jezusa) w modlitwie | 1700 reed, prz\u0119dza modalna<\/div>\n\t\t\t\t<\/a>\n\t\t\t\t<div class=\"wc-block-grid__product-price price\"><span class=\"woocommerce-Price-amount amount\"><bdi>1 490,00&nbsp;<span class=\"woocommerce-Price-currencySymbol\">&#122;&#322;<\/span><\/bdi><\/span><\/div>\n\t\t\t\t\n\t\t\t\t<div class=\"wp-block-button wc-block-grid__product-add-to-cart\"><a href=\"https:\/\/royaldywany.pl\/en\/product\/dywan-obrazowy-maryja-1700-reed-przedza-modalna-copy\" aria-label=\"Read more about \u201cDywan obrazowy Maryja (Matka Jezusa) w modlitwie | 1700 reed, prz\u0119dza modalna\u201d\" data-quantity=\"1\" data-product_id=\"2453\" data-product_sku=\"RD_PR_001-1-3\" data-price=\"1490\" rel=\"nofollow\" class=\"wp-block-button__link  add_to_cart_button\" data-no-translation=\"\" data-trp-gettext=\"\" data-no-translation-aria-label=\"\">Read more<\/a><\/div>\n\t\t\t<\/li><li class=\"wc-block-grid__product\">\n\t\t\t\t<a href=\"https:\/\/royaldywany.pl\/en\/product\/dywan-obrazowy-kobieta-z-harfa-1700-reed\" class=\"wc-block-grid__product-link\">\n\t\t\t\t\t\n\t\t\t\t\t<div class=\"wc-block-grid__product-image\"><img decoding=\"async\" width=\"300\" height=\"450\" src=\"https:\/\/royaldywany.pl\/wp-content\/uploads\/2026\/02\/IMG_9842_1000_logo-300x450.webp\" class=\"attachment-woocommerce_thumbnail size-woocommerce_thumbnail\" alt=\"Dywan obrazowy przedstawiaj\u0105cy kobiet\u0119 graj\u0105c\u0105 na harfie siedz\u0105c\u0105 na chmurach w\u015br\u00f3d kwiat\u00f3w w romantycznym stylu klasycznym\" \/><\/div>\n\t\t\t\t\t<div class=\"wc-block-grid__product-title\">Dywan obrazowy \u2013 Kobieta z harf\u0105 w chmurach | 1700 reed, prz\u0119dza modalna<\/div>\n\t\t\t\t<\/a>\n\t\t\t\t<div class=\"wc-block-grid__product-price price\"><span class=\"woocommerce-Price-amount amount\"><bdi>1 490,00&nbsp;<span class=\"woocommerce-Price-currencySymbol\">&#122;&#322;<\/span><\/bdi><\/span><\/div>\n\t\t\t\t\n\t\t\t\t<div class=\"wp-block-button wc-block-grid__product-add-to-cart\"><a href=\"https:\/\/royaldywany.pl\/en\/product\/dywan-obrazowy-kobieta-z-harfa-1700-reed\" aria-label=\"Read more about \u201cDywan obrazowy \u2013 Kobieta z harf\u0105 w chmurach | 1700 reed, prz\u0119dza modalna\u201d\" data-quantity=\"1\" data-product_id=\"2364\" data-product_sku=\"RD_PR_001-1-2\" data-price=\"1490\" rel=\"nofollow\" class=\"wp-block-button__link  add_to_cart_button\" data-no-translation=\"\" data-trp-gettext=\"\" data-no-translation-aria-label=\"\">Read more<\/a><\/div>\n\t\t\t<\/li><li class=\"wc-block-grid__product\">\n\t\t\t\t<a href=\"https:\/\/royaldywany.pl\/en\/product\/dywan-obrazowy-orientalna-kobieta-z-lampa-80cm-x-100cm\" class=\"wc-block-grid__product-link\">\n\t\t\t\t\t\n\t\t\t\t\t<div class=\"wc-block-grid__product-image\"><img decoding=\"async\" width=\"300\" height=\"450\" src=\"https:\/\/royaldywany.pl\/wp-content\/uploads\/2025\/11\/IMG_9892_1000_logo-300x450.webp\" class=\"attachment-woocommerce_thumbnail size-woocommerce_thumbnail\" alt=\"Dywan obrazowy 1700 reed z prz\u0119dzy modalnej \u2013 orientalna kobieta z lamp\u0105 i wazonem\" \/><\/div>\n\t\t\t\t\t<div class=\"wc-block-grid__product-title\">Dywan obrazowy \u2013 orientalna kobieta z lamp\u0105 | 100cm x 80cm<\/div>\n\t\t\t\t<\/a>\n\t\t\t\t<div class=\"wc-block-grid__product-price price\"><span class=\"woocommerce-Price-amount amount\"><bdi>1 490,00&nbsp;<span class=\"woocommerce-Price-currencySymbol\">&#122;&#322;<\/span><\/bdi><\/span><\/div>\n\t\t\t\t\n\t\t\t\t<div class=\"wp-block-button wc-block-grid__product-add-to-cart\"><a href=\"\/en\/wp-json\/wp\/v2\/pages\/13?add-to-cart=2214\" aria-label=\"Add to cart: \u201cDywan obrazowy \u2013 orientalna kobieta z lamp\u0105 | 100cm x 80cm\u201d\" data-quantity=\"1\" data-product_id=\"2214\" data-product_sku=\"RD_PR_001-1-1\" data-price=\"1490\" rel=\"nofollow\" class=\"wp-block-button__link  add_to_cart_button ajax_add_to_cart\" data-no-translation=\"\" data-trp-gettext=\"\" data-no-translation-aria-label=\"\">Add to cart<\/a><\/div>\n\t\t\t<\/li><li class=\"wc-block-grid__product\">\n\t\t\t\t<a href=\"https:\/\/royaldywany.pl\/en\/product\/perski-jedwabny-dywan-scienny-jesus-120cm-x-80cm\" class=\"wc-block-grid__product-link\">\n\t\t\t\t\t\n\t\t\t\t\t<div class=\"wc-block-grid__product-image\"><img loading=\"lazy\" decoding=\"async\" width=\"300\" height=\"450\" src=\"https:\/\/royaldywany.pl\/wp-content\/uploads\/2025\/11\/IMG_9879-300x450.webp\" class=\"attachment-woocommerce_thumbnail size-woocommerce_thumbnail\" alt=\"Perski jedwabny dywan \u015bcienny | Dywan z wizerunkiem Jezusa Chrystusa | 120cm x 80cm\" srcset=\"https:\/\/royaldywany.pl\/wp-content\/uploads\/2025\/11\/IMG_9879-300x450.webp 300w, https:\/\/royaldywany.pl\/wp-content\/uploads\/2025\/11\/IMG_9879-8x12.webp 8w\" sizes=\"(max-width: 300px) 100vw, 300px\" \/><\/div>\n\t\t\t\t\t<div class=\"wc-block-grid__product-title\">Perski jedwabny dywan \u015bcienny | Dywan z wizerunkiem Jezusa Chrystusa | 120cm x 80cm<\/div>\n\t\t\t\t<\/a>\n\t\t\t\t<div class=\"wc-block-grid__product-price price\"><span class=\"woocommerce-Price-amount amount\"><bdi>1 490,00&nbsp;<span class=\"woocommerce-Price-currencySymbol\">&#122;&#322;<\/span><\/bdi><\/span><\/div>\n\t\t\t\t\n\t\t\t\t<div class=\"wp-block-button wc-block-grid__product-add-to-cart\"><a href=\"\/en\/wp-json\/wp\/v2\/pages\/13?add-to-cart=2212\" aria-label=\"Add to cart: \u201cPerski jedwabny dywan \u015bcienny | Dywan z wizerunkiem Jezusa Chrystusa | 120cm x 80cm\u201d\" data-quantity=\"1\" data-product_id=\"2212\" data-product_sku=\"RD_PR_001-1\" data-price=\"1490\" rel=\"nofollow\" class=\"wp-block-button__link  add_to_cart_button ajax_add_to_cart\" data-no-translation=\"\" data-trp-gettext=\"\" data-no-translation-aria-label=\"\">Add to cart<\/a><\/div>\n\t\t\t<\/li><\/ul><\/div><\/div>\n<\/div>\n\n\n\n<p><\/p>","protected":false},"excerpt":{"rendered":"","protected":false},"author":1,"featured_media":0,"parent":0,"menu_order":0,"comment_status":"open","ping_status":"closed","template":"elementor_theme","meta":{"footnotes":""},"class_list":["post-13","page","type-page","status-publish","hentry"],"yoast_head":"<!-- This site is optimized with the Yoast SEO plugin v27.5 - https:\/\/yoast.com\/product\/yoast-seo-wordpress\/ -->\n<title>Koszyk \u2013 Twoje Dywany w Royal Dywany | Przejd\u017a do Zakupu<\/title>\n<meta name=\"description\" content=\"Zobacz sw\u00f3j koszyk w Royal Dywany. Sprawd\u017a wybrane dywany, edytuj zam\u00f3wienie i przejd\u017a do bezpiecznego zakupu eleganckich dywan\u00f3w perskich online.\" \/>\n<meta name=\"robots\" content=\"index, follow, max-snippet:-1, max-image-preview:large, max-video-preview:-1\" \/>\n<link rel=\"canonical\" href=\"https:\/\/royaldywany.pl\/en\/koszyk\/\" \/>\n<meta property=\"og:locale\" content=\"en_US\" \/>\n<meta property=\"og:type\" content=\"article\" \/>\n<meta property=\"og:title\" content=\"Koszyk \u2013 Twoje Dywany w Royal Dywany | Przejd\u017a do Zakupu\" \/>\n<meta property=\"og:description\" content=\"Zobacz sw\u00f3j koszyk w Royal Dywany. Sprawd\u017a wybrane dywany, edytuj zam\u00f3wienie i przejd\u017a do bezpiecznego zakupu eleganckich dywan\u00f3w perskich online.\" \/>\n<meta property=\"og:url\" content=\"https:\/\/royaldywany.pl\/en\/koszyk\/\" \/>\n<meta property=\"og:site_name\" content=\"Royal Dywany\" \/>\n<meta property=\"article:modified_time\" content=\"2025-08-02T09:49:05+00:00\" \/>\n<meta name=\"twitter:card\" content=\"summary_large_image\" \/>\n<meta name=\"twitter:label1\" content=\"Est. reading time\" \/>\n\t<meta name=\"twitter:data1\" content=\"1 minute\" \/>\n<script type=\"application\/ld+json\" class=\"yoast-schema-graph\">{\"@context\":\"https:\\\/\\\/schema.org\",\"@graph\":[{\"@type\":\"WebPage\",\"@id\":\"https:\\\/\\\/royaldywany.pl\\\/koszyk\",\"url\":\"https:\\\/\\\/royaldywany.pl\\\/koszyk\",\"name\":\"Koszyk \u2013 Twoje Dywany w Royal Dywany | Przejd\u017a do Zakupu\",\"isPartOf\":{\"@id\":\"https:\\\/\\\/royaldywany.pl\\\/#website\"},\"datePublished\":\"2025-04-22T11:44:30+00:00\",\"dateModified\":\"2025-08-02T09:49:05+00:00\",\"description\":\"Zobacz sw\u00f3j koszyk w Royal Dywany. Sprawd\u017a wybrane dywany, edytuj zam\u00f3wienie i przejd\u017a do bezpiecznego zakupu eleganckich dywan\u00f3w perskich online.\",\"breadcrumb\":{\"@id\":\"https:\\\/\\\/royaldywany.pl\\\/koszyk#breadcrumb\"},\"inLanguage\":\"en-US\",\"potentialAction\":[{\"@type\":\"ReadAction\",\"target\":[\"https:\\\/\\\/royaldywany.pl\\\/koszyk\"]}]},{\"@type\":\"BreadcrumbList\",\"@id\":\"https:\\\/\\\/royaldywany.pl\\\/koszyk#breadcrumb\",\"itemListElement\":[{\"@type\":\"ListItem\",\"position\":1,\"name\":\"Strona g\u0142\u00f3wna\",\"item\":\"https:\\\/\\\/royaldywany.pl\\\/\"},{\"@type\":\"ListItem\",\"position\":2,\"name\":\"Koszyk\"}]},{\"@type\":\"WebSite\",\"@id\":\"https:\\\/\\\/royaldywany.pl\\\/#website\",\"url\":\"https:\\\/\\\/royaldywany.pl\\\/\",\"name\":\"Royal Dywany\",\"description\":\"Royal Dywany \u2013 sztuka tkania elegancji i luksusu.\",\"publisher\":{\"@id\":\"https:\\\/\\\/royaldywany.pl\\\/#organization\"},\"potentialAction\":[{\"@type\":\"SearchAction\",\"target\":{\"@type\":\"EntryPoint\",\"urlTemplate\":\"https:\\\/\\\/royaldywany.pl\\\/?s={search_term_string}\"},\"query-input\":{\"@type\":\"PropertyValueSpecification\",\"valueRequired\":true,\"valueName\":\"search_term_string\"}}],\"inLanguage\":\"en-US\"},{\"@type\":\"Organization\",\"@id\":\"https:\\\/\\\/royaldywany.pl\\\/#organization\",\"name\":\"Royal Dywany\",\"url\":\"https:\\\/\\\/royaldywany.pl\\\/\",\"logo\":{\"@type\":\"ImageObject\",\"inLanguage\":\"en-US\",\"@id\":\"https:\\\/\\\/royaldywany.pl\\\/#\\\/schema\\\/logo\\\/image\\\/\",\"url\":\"https:\\\/\\\/royaldywany.pl\\\/wp-content\\\/uploads\\\/2025\\\/05\\\/logo_home-1.webp\",\"contentUrl\":\"https:\\\/\\\/royaldywany.pl\\\/wp-content\\\/uploads\\\/2025\\\/05\\\/logo_home-1.webp\",\"width\":75,\"height\":75,\"caption\":\"Royal Dywany\"},\"image\":{\"@id\":\"https:\\\/\\\/royaldywany.pl\\\/#\\\/schema\\\/logo\\\/image\\\/\"}}]}<\/script>\n<!-- \/ Yoast SEO plugin. -->","yoast_head_json":{"title":"Koszyk \u2013 Twoje Dywany w Royal Dywany | Przejd\u017a do Zakupu","description":"Zobacz sw\u00f3j koszyk w Royal Dywany. Sprawd\u017a wybrane dywany, edytuj zam\u00f3wienie i przejd\u017a do bezpiecznego zakupu eleganckich dywan\u00f3w perskich online.","robots":{"index":"index","follow":"follow","max-snippet":"max-snippet:-1","max-image-preview":"max-image-preview:large","max-video-preview":"max-video-preview:-1"},"canonical":"https:\/\/royaldywany.pl\/en\/koszyk\/","og_locale":"en_US","og_type":"article","og_title":"Koszyk \u2013 Twoje Dywany w Royal Dywany | Przejd\u017a do Zakupu","og_description":"Zobacz sw\u00f3j koszyk w Royal Dywany. Sprawd\u017a wybrane dywany, edytuj zam\u00f3wienie i przejd\u017a do bezpiecznego zakupu eleganckich dywan\u00f3w perskich online.","og_url":"https:\/\/royaldywany.pl\/en\/koszyk\/","og_site_name":"Royal Dywany","article_modified_time":"2025-08-02T09:49:05+00:00","twitter_card":"summary_large_image","twitter_misc":{"Est. reading time":"1 minute"},"schema":{"@context":"https:\/\/schema.org","@graph":[{"@type":"WebPage","@id":"https:\/\/royaldywany.pl\/koszyk","url":"https:\/\/royaldywany.pl\/koszyk","name":"Koszyk \u2013 Twoje Dywany w Royal Dywany | Przejd\u017a do Zakupu","isPartOf":{"@id":"https:\/\/royaldywany.pl\/#website"},"datePublished":"2025-04-22T11:44:30+00:00","dateModified":"2025-08-02T09:49:05+00:00","description":"Zobacz sw\u00f3j koszyk w Royal Dywany. Sprawd\u017a wybrane dywany, edytuj zam\u00f3wienie i przejd\u017a do bezpiecznego zakupu eleganckich dywan\u00f3w perskich online.","breadcrumb":{"@id":"https:\/\/royaldywany.pl\/koszyk#breadcrumb"},"inLanguage":"en-US","potentialAction":[{"@type":"ReadAction","target":["https:\/\/royaldywany.pl\/koszyk"]}]},{"@type":"BreadcrumbList","@id":"https:\/\/royaldywany.pl\/koszyk#breadcrumb","itemListElement":[{"@type":"ListItem","position":1,"name":"Strona g\u0142\u00f3wna","item":"https:\/\/royaldywany.pl\/"},{"@type":"ListItem","position":2,"name":"Koszyk"}]},{"@type":"WebSite","@id":"https:\/\/royaldywany.pl\/#website","url":"https:\/\/royaldywany.pl\/","name":"Royal Rugs","description":"Royal Dywany \u2013 sztuka tkania elegancji i luksusu.","publisher":{"@id":"https:\/\/royaldywany.pl\/#organization"},"potentialAction":[{"@type":"SearchAction","target":{"@type":"EntryPoint","urlTemplate":"https:\/\/royaldywany.pl\/?s={search_term_string}"},"query-input":{"@type":"PropertyValueSpecification","valueRequired":true,"valueName":"search_term_string"}}],"inLanguage":"en-US"},{"@type":"Organization","@id":"https:\/\/royaldywany.pl\/#organization","name":"Royal Rugs","url":"https:\/\/royaldywany.pl\/","logo":{"@type":"ImageObject","inLanguage":"en-US","@id":"https:\/\/royaldywany.pl\/#\/schema\/logo\/image\/","url":"https:\/\/royaldywany.pl\/wp-content\/uploads\/2025\/05\/logo_home-1.webp","contentUrl":"https:\/\/royaldywany.pl\/wp-content\/uploads\/2025\/05\/logo_home-1.webp","width":75,"height":75,"caption":"Royal Dywany"},"image":{"@id":"https:\/\/royaldywany.pl\/#\/schema\/logo\/image\/"}}]}},"_links":{"self":[{"href":"https:\/\/royaldywany.pl\/en\/wp-json\/wp\/v2\/pages\/13","targetHints":{"allow":["GET"]}}],"collection":[{"href":"https:\/\/royaldywany.pl\/en\/wp-json\/wp\/v2\/pages"}],"about":[{"href":"https:\/\/royaldywany.pl\/en\/wp-json\/wp\/v2\/types\/page"}],"author":[{"embeddable":true,"href":"https:\/\/royaldywany.pl\/en\/wp-json\/wp\/v2\/users\/1"}],"replies":[{"embeddable":true,"href":"https:\/\/royaldywany.pl\/en\/wp-json\/wp\/v2\/comments?post=13"}],"version-history":[{"count":10,"href":"https:\/\/royaldywany.pl\/en\/wp-json\/wp\/v2\/pages\/13\/revisions"}],"predecessor-version":[{"id":1485,"href":"https:\/\/royaldywany.pl\/en\/wp-json\/wp\/v2\/pages\/13\/revisions\/1485"}],"wp:attachment":[{"href":"https:\/\/royaldywany.pl\/en\/wp-json\/wp\/v2\/media?parent=13"}],"curies":[{"name":"wp","href":"https:\/\/api.w.org\/{rel}","templated":true}]}}